{"id":34023,"date":"2025-09-11T17:25:49","date_gmt":"2025-09-11T15:25:49","guid":{"rendered":"https:\/\/pba.mmsh.fr\/?page_id=34023"},"modified":"2026-02-09T13:08:54","modified_gmt":"2026-02-09T12:08:54","slug":"seminaire-le-web-et-les-archives-du-web-pour-la-recherche-en-shs-savoirs-methodes-et-outils-pour-la-collecte-lanalyse-et-la-perennisation-de-corpus-en-ligne","status":"publish","type":"page","link":"https:\/\/pba.mmsh.fr\/?page_id=34023","title":{"rendered":"S\u00e9minaire 2025-2026"},"content":{"rendered":"<div class='__iawmlf-post-loop-links' style='display:none;' data-iawmlf-post-links='[{&quot;id&quot;:36,&quot;href&quot;:&quot;https:\\\/\\\/www.humatheque-condorcet.fr&quot;,&quot;archived_href&quot;:&quot;https:\\\/\\\/web-wp.archive.org\\\/web\\\/20260324091906\\\/https:\\\/\\\/www.humatheque-condorcet.fr\\\/&quot;,&quot;redirect_href&quot;:&quot;&quot;,&quot;checks&quot;:[{&quot;date&quot;:&quot;2026-04-16 14:20:52&quot;,&quot;http_code&quot;:200},{&quot;date&quot;:&quot;2026-04-20 13:27:23&quot;,&quot;http_code&quot;:200},{&quot;date&quot;:&quot;2026-04-26 18:33:04&quot;,&quot;http_code&quot;:503}],&quot;broken&quot;:false,&quot;last_checked&quot;:{&quot;date&quot;:&quot;2026-04-26 18:33:04&quot;,&quot;http_code&quot;:503},&quot;process&quot;:&quot;done&quot;},{&quot;id&quot;:37,&quot;href&quot;:&quot;https:\\\/\\\/distam.hypotheses.org&quot;,&quot;archived_href&quot;:&quot;&quot;,&quot;redirect_href&quot;:&quot;&quot;,&quot;checks&quot;:[],&quot;broken&quot;:false,&quot;last_checked&quot;:null,&quot;process&quot;:&quot;done&quot;},{&quot;id&quot;:38,&quot;href&quot;:&quot;https:\\\/\\\/telemme.mmsh.fr\\\/?tribe_events=seminaire-du-weblab&quot;,&quot;archived_href&quot;:&quot;&quot;,&quot;redirect_href&quot;:&quot;&quot;,&quot;checks&quot;:[],&quot;broken&quot;:false,&quot;last_checked&quot;:null,&quot;process&quot;:&quot;done&quot;},{&quot;id&quot;:39,&quot;href&quot;:&quot;https:\\\/\\\/www.mmsh.fr&quot;,&quot;archived_href&quot;:&quot;https:\\\/\\\/web-wp.archive.org\\\/web\\\/20260415100245\\\/https:\\\/\\\/www.mmsh.fr\\\/&quot;,&quot;redirect_href&quot;:&quot;&quot;,&quot;checks&quot;:[{&quot;date&quot;:&quot;2026-04-16 14:21:41&quot;,&quot;http_code&quot;:200},{&quot;date&quot;:&quot;2026-04-20 13:27:24&quot;,&quot;http_code&quot;:200},{&quot;date&quot;:&quot;2026-04-26 18:32:55&quot;,&quot;http_code&quot;:200}],&quot;broken&quot;:false,&quot;last_checked&quot;:{&quot;date&quot;:&quot;2026-04-26 18:32:55&quot;,&quot;http_code&quot;:200},&quot;process&quot;:&quot;done&quot;},{&quot;id&quot;:40,&quot;href&quot;:&quot;https:\\\/\\\/telemme.mmsh.fr\\\/?evenement=le-web-comme-source-ou-terrain-en-shs-presentation-du-weblab-et-discussion-collective&quot;,&quot;archived_href&quot;:&quot;https:\\\/\\\/web-wp.archive.org\\\/web\\\/20260416143708\\\/https:\\\/\\\/telemme.mmsh.fr\\\/?evenement=le-web-comme-source-ou-terrain-en-shs-presentation-du-weblab-et-discussion-collective&quot;,&quot;redirect_href&quot;:&quot;&quot;,&quot;checks&quot;:[{&quot;date&quot;:&quot;2026-04-20 13:27:23&quot;,&quot;http_code&quot;:206},{&quot;date&quot;:&quot;2026-04-26 18:32:49&quot;,&quot;http_code&quot;:206}],&quot;broken&quot;:false,&quot;last_checked&quot;:{&quot;date&quot;:&quot;2026-04-26 18:32:49&quot;,&quot;http_code&quot;:206},&quot;process&quot;:&quot;done&quot;}]'><\/div>\n<p class=\"has-text-align-right\"><a href=\"#EN\" data-type=\"internal\" data-id=\"#EN\">English version <\/a><\/p>\n\n\n\n<h2 class=\"wp-block-heading\">Le Web et les archives du Web pour la recherche en SHS : savoirs, m\u00e9thodes et outils pour la collecte, l&rsquo;analyse et la p\u00e9rennisation de corpus en ligne<\/h2>\n\n\n\n<p>Octobre 2025 &#8211; Juin 2026<\/p>\n\n\n\n<p>Lieu : Salle Michel Seurat &#8211; M\u00e9diath\u00e8que de la MMSH&nbsp;et \u00e0 distance en visioconf\u00e9rence<\/p>\n\n\n\n<h3 class=\"wp-block-heading\">Pr\u00e9sentation<\/h3>\n\n\n\n<p>Que ce soit dans le cadre de nos \u00e9tudes, de nos activit\u00e9s de recherche ou d\u2019enseignement, nous mobilisons toutes et tous des documents ou des services accessibles via des sites web ou des r\u00e9seaux sociaux. Pourtant, la question de la p\u00e9rennisation des informations tir\u00e9es du web, \u00e0 des fins scientifiques ou p\u00e9dagogiques, demeure encore en retrait.&nbsp;<\/p>\n\n\n\n<p>Le Web \u00e9tant devenu incontournable dans l&rsquo;appr\u00e9hension des ph\u00e9nom\u00e8nes r\u00e9cents, le <a href=\"https:\/\/pba.mmsh.fr\/?page_id=1465\">WebLab<\/a>, l&rsquo;<a href=\"https:\/\/www.humatheque-condorcet.fr\/\">Humath\u00e8que Condorcet<\/a> et le consortium Huma-Num <a href=\"https:\/\/distam.hypotheses.org\/\">Distam<\/a> proposent un s\u00e9minaire commun qui permettra de s\u2019approprier les connaissances, les m\u00e9thodes et les outils pour la collecte, l&rsquo;analyse et la p\u00e9rennisation de corpus en ligne en SHS.&nbsp;<\/p>\n\n\n\n<p>Ouvert \u00e0 toutes et tous sur inscription, ce s\u00e9minaire s\u2019adresse \u00e0 l&rsquo;ensemble des personnes engag\u00e9es dans la recherche, l\u2019ing\u00e9nierie, les archives, les biblioth\u00e8ques, l&rsquo;enseignement ou l\u2019accompagnement, qu\u2019elles soient d\u00e9j\u00e0 exp\u00e9riment\u00e9es dans ces domaines ou en phase d\u2019exploration.&nbsp;<\/p>\n\n\n\n<p>Cette ann\u00e9e, les s\u00e9ances se d\u00e9rouleront \u00e0 la m\u00e9diath\u00e8que de la MMSH \u00e0 Aix-en-Provence et pourront \u00eatre \u00e9galement suivies en distanciel.<\/p>\n\n\n\n<h3 class=\"wp-block-heading\">Organisation<\/h3>\n\n\n\n<p>En 2023,&nbsp; Sophie Gebeil (laboratoire <a href=\"https:\/\/telemme.mmsh.fr\/?tribe_events=seminaire-du-weblab\">TELEMME<\/a>, AMU-CNRS) et Jean-Christophe Peyssard (Responsable de la M\u00e9diath\u00e8que de la MMSH, CNRS) ont co-fond\u00e9 le <a href=\"https:\/\/pba.mmsh.fr\/?page_id=1465\">WebLab<\/a>, un espace de r\u00e9flexion et de pratique d\u00e9di\u00e9 \u00e0 l\u2019utilisation du web vivant ou archiv\u00e9 comme source et\/ou terrain en SHS \u00e0 la m\u00e9diath\u00e8que de la <a href=\"https:\/\/www.mmsh.fr\/\">Maison M\u00e9diterran\u00e9enne des Sciences de l\u2019Homme<\/a>, avec le soutien de l\u2019Institut Universitaire de France. Il propose de d\u00e9velopper et de partager des connaissances, des m\u00e9thodologies, ainsi qu\u2019une r\u00e9flexion critique et \u00e9thique sur l\u2019\u00e9tude du web vivant et archiv\u00e9 dans le champ acad\u00e9mique. Apr\u00e8s l\u2019organisation des <a href=\"https:\/\/telemme.mmsh.fr\/?evenement=le-web-comme-source-ou-terrain-en-shs-presentation-du-weblab-et-discussion-collective\">s\u00e9ances<\/a> pr\u00e9paratoires l\u2019an dernier, le WebLab est heureux de s\u2019associer \u00e0 l\u2019Humath\u00e8que Condorcet pour vous proposer un s\u00e9minaire commun \u00e0 la MMSH (Aix-en-Provence) en 2025\/2026.&nbsp;<\/p>\n\n\n\n<p>Maya Anderson-Gonzalez, PhD (<a href=\"https:\/\/www.humatheque-condorcet.fr\/\">Humath\u00e8que Condorcet<\/a>) a men\u00e9 une \u00e9tude prospective commandit\u00e9e par l\u2019Humath\u00e8que Condorcet en 2024-2025 visant \u00e0 \u00e9valuer l&rsquo;opportunit\u00e9 et la faisabilit\u00e9 de mettre en place un service d&rsquo;exploitation de donn\u00e9es du web. Ayant activement contribu\u00e9 \u00e0 cette \u00e9tude, l&rsquo;\u00e9quipe du WebLab continue de participer avec l&rsquo;Humath\u00e8que \u00e0 une r\u00e9flexion sur le d\u00e9veloppement d&rsquo;actions conjointes d\u2019acculturation, d\u2019accompagnement et de formation sur la th\u00e9matique des donn\u00e9es du web destin\u00e9es aux communaut\u00e9s de recherche en SHS. La co-organisation de ce s\u00e9minaire en est la premi\u00e8re concr\u00e9tisation.<\/p>\n\n\n\n<h3 class=\"wp-block-heading\">S\u00e9ances<\/h3>\n\n\n\n<h3 class=\"wp-block-heading\">S\u00e9ance 5 : Jeudi 2 avril 14h-16h<\/h3>\n\n\n\n<p><a href=\"https:\/\/pba.mmsh.fr\/?p=35475\">\u00ab\u00a0Approches sensibles des archives du web : l&rsquo;exemple du projet SkyTaste<\/a>\u00ab\u00a0<\/p>\n\n\n\n<h3 class=\"wp-block-heading\">S\u00e9ance 4 : Jeudi 19 mars 14h-17h<\/h3>\n\n\n\n<p><a href=\"https:\/\/pba.mmsh.fr\/?p=35469\">\u00ab\u00a0Le web n\u2019est pas mort : d\u00e9fis, m\u00e9thodes et outils pour l\u2019analyse des traces num\u00e9riques<\/a>\u00ab\u00a0<\/p>\n\n\n\n<h3 class=\"wp-block-heading\">S\u00e9ance 3 : Mercredi 3 d\u00e9cembre 14h-16h<\/h3>\n\n\n\n<p>\u00ab\u00a0<a href=\"https:\/\/pba.mmsh.fr\/?p=35360\">R\u00e9flexions et exp\u00e9rimentations autour de l\u2019archivage du Web depuis le Huma-Num Lab<\/a>\u00ab\u00a0<\/p>\n\n\n\n<h3 class=\"wp-block-heading\">S\u00e9ance 2 : Jeudi 27 novembre 14h-16h<\/h3>\n\n\n\n<p>\u00ab\u00a0<a href=\"https:\/\/pba.mmsh.fr\/?p=35325\">L\u2019archivage du web fran\u00e7ais \u00e0 l\u2019\u00e8re de l\u2019IA : institutions patrimoniales et collaborations acad\u00e9miques<\/a>\u00ab\u00a0<\/p>\n\n\n\n<h3 class=\"wp-block-heading\">S\u00e9ance 1 : Jeudi 9 octobre de 14h \u00e0 16h<\/h3>\n\n\n\n<p>\u00ab\u00a0<a href=\"https:\/\/pba.mmsh.fr\/?p=34037\">Le Web comme source ou terrain en SHS : cadre th\u00e9orique et m\u00e9thodologique de l\u2019archivage du web et de son analyse<\/a>\u00ab\u00a0<\/p>\n\n\n\n<h1 class=\"wp-block-heading\" id=\"EN\">Seminar 2025-2026<\/h1>\n\n\n\n<h2 class=\"wp-block-heading\">The Web and Web Archives for Research in the Social Sciences and Humanities: Knowledge, Methods, and Tools for Collecting, Analyzing, and Preserving Online Corpora<\/h2>\n\n\n\n<p>October 2025 \u2013 June 2026<\/p>\n\n\n\n<p>Location: Michel Seurat Room &#8211; MMSH Media Library and online via videoconference<\/p>\n\n\n\n<h3 class=\"wp-block-heading\">Overview<\/h3>\n\n\n\n<p>Whether in the context of our studies, research activities, or teaching, we all rely on documents or services accessible through websites or social media platforms. Yet, the issue of preserving information sourced from the web for scientific or educational purposes remains somewhat neglected.<\/p>\n\n\n\n<p>With the web now indispensable for understanding recent phenomena, the <a href=\"https:\/\/pba.mmsh.fr\/?page_id=1465\">WebLab<\/a>, the <a href=\"https:\/\/www.humatheque-condorcet.fr\/\">Condorcet Humath\u00e8que<\/a>, and the Huma-Num <a href=\"https:\/\/distam.hypotheses.org\/\">Distam <\/a>consortium are jointly offering a seminar designed to equip participants with the knowledge, methods, and tools for collecting, analyzing, and preserving online corpora in the social sciences and humanities (SSH).<\/p>\n\n\n\n<p>Open to all upon registration, this seminar is aimed at anyone involved in research, engineering, archiving, libraries, teaching, or support roles, whether experienced in these fields or just beginning to explore them.<\/p>\n\n\n\n<p>This year, sessions will take place at the MMSH Media Library in Aix-en-Provence and will also be accessible remotely.<\/p>\n\n\n\n<h3 class=\"wp-block-heading\">Organization<\/h3>\n\n\n\n<p>In 2023, Sophie Gebeil (<a href=\"https:\/\/telemme.mmsh.fr\/?tribe_events=seminaire-du-weblab\">TELEMME <\/a>laboratory, AMU-CNRS) and Jean-Christophe Peyssard (Head of the MMSH Media Library, CNRS) co-founded the <a href=\"https:\/\/pba.mmsh.fr\/?page_id=1465\">WebLab<\/a>, a space for reflection and practice dedicated to using the live or archived web as a source and\/or field of study in SSH at the <a href=\"https:\/\/www.mmsh.fr\/\">Maison M\u00e9diterran\u00e9enne des Sciences de l\u2019Homme<\/a> media library, with support from the Institut Universitaire de France. The WebLab aims to develop and share knowledge, methodologies, as well as critical and ethical reflection on the study of both the live and archived web in academia. Following preparatory <a href=\"https:\/\/telemme.mmsh.fr\/?evenement=le-web-comme-source-ou-terrain-en-shs-presentation-du-weblab-et-discussion-collective\">sessions <\/a>organized last year, the WebLab is pleased to partner with the Condorcet Humath\u00e8que to offer a joint seminar at the MMSH (Aix-en-Provence) in 2025\/2026.<\/p>\n\n\n\n<p>Maya Anderson-Gonzalez, PhD (<a href=\"https:\/\/www.humatheque-condorcet.fr\/\">Condorcet Humath\u00e8que<\/a>), conducted a forward-looking study commissioned by the Condorcet Humath\u00e8que in 2024-2025 to assess the opportunity and feasibility of establishing a web data exploitation service. Having actively contributed to this study, the WebLab team continues to work with the Humath\u00e8que on developing joint initiatives for awareness-raising, support, and training on web data aimed at SSH research communities. The co-organization of this seminar is the first tangible outcome of this collaboration.<\/p>\n\n\n\n<h3 class=\"wp-block-heading\"><strong>Sessions<\/strong><\/h3>\n\n\n\n<h3 class=\"wp-block-heading\">Session 5: Thursday, April 2, 2:00-4:00 PM<\/h3>\n\n\n\n<p><a href=\"https:\/\/pba.mmsh.fr\/?p=35475\">\u00ab\u00a0Sensitive Approaches to Web Archives: The Case of the SkyTaste Project<\/a>\u00ab\u00a0<\/p>\n\n\n\n<h3 class=\"wp-block-heading\">Session 4: Thursday, March 19, 2:00-5:00 PM<\/h3>\n\n\n\n<p><a href=\"https:\/\/pba.mmsh.fr\/?p=35469\">\u00ab\u00a0The Web Is Not Dead: Challenges, Methods, and Tools for the Analysis of Digital Traces<\/a>\u00ab\u00a0<\/p>\n\n\n\n<h3 class=\"wp-block-heading\">Session 3: Wednesday, December 3, 2:00\u20134:00 PM<\/h3>\n\n\n\n<p><a href=\"https:\/\/pba.mmsh.fr\/?p=35360\">\u201cReflections and Experiments on Web Archiving from the Huma-Num Lab\u201d<\/a><\/p>\n\n\n\n<h3 class=\"wp-block-heading\">Session 2: Thursday, November 27, 2:00\u20134:00 PM<\/h3>\n\n\n\n<p><a href=\"https:\/\/pba.mmsh.fr\/?p=35325\">\u201cFrench Web Archiving in the Age of AI: Heritage Institutions and Academic Collaborations\u201d<\/a><\/p>\n\n\n\n<h3 class=\"wp-block-heading\">Session 1: Thursday, October 9, 2:00\u20134:00 PM<\/h3>\n\n\n\n<p><a href=\"https:\/\/pba.mmsh.fr\/?p=34037\">\u201cThe Web as a Source or Field in the Social Sciences and Humanities: Theoretical and Methodological Frameworks for Web Archiving and Analysis\u201d<\/a><\/p>\n","protected":false},"excerpt":{"rendered":"<p>English version Le Web et les archives du Web pour la recherche en SHS : savoirs, m\u00e9thodes et outils pour la collecte, l&rsquo;analyse et la p\u00e9rennisation de corpus en ligne Octobre 2025 &#8211; Juin 2026 Lieu : Salle Michel Seurat &#8211; M\u00e9diath\u00e8que de la MMSH&nbsp;et \u00e0 distance en visioconf\u00e9rence Pr\u00e9sentation Que ce soit dans le&hellip; <a class=\"more-link\" href=\"https:\/\/pba.mmsh.fr\/?page_id=34023\">Poursuivre la lecture <span class=\"screen-reader-text\">S\u00e9minaire 2025-2026<\/span><\/a><\/p>\n","protected":false},"author":2,"featured_media":0,"parent":0,"menu_order":0,"comment_status":"closed","ping_status":"closed","template":"","meta":{"footnotes":""},"class_list":["post-34023","page","type-page","status-publish","hentry","entry"],"yoast_head":"<!-- This site is optimized with the Yoast SEO plugin v27.4 - https:\/\/yoast.com\/product\/yoast-seo-wordpress\/ -->\n<title>S\u00e9minaire 2025-2026 - P\u00f4le Biblioth\u00e8ques et Archives de la MMSH<\/title>\n<meta name=\"robots\" content=\"index, follow, max-snippet:-1, max-image-preview:large, max-video-preview:-1\" \/>\n<link rel=\"canonical\" href=\"https:\/\/pba.mmsh.fr\/?page_id=34023\" \/>\n<meta property=\"og:locale\" content=\"fr_FR\" \/>\n<meta property=\"og:type\" content=\"article\" \/>\n<meta property=\"og:title\" content=\"S\u00e9minaire 2025-2026 - P\u00f4le Biblioth\u00e8ques et Archives de la MMSH\" \/>\n<meta property=\"og:description\" content=\"English version Le Web et les archives du Web pour la recherche en SHS : savoirs, m\u00e9thodes et outils pour la collecte, l&rsquo;analyse et la p\u00e9rennisation de corpus en ligne Octobre 2025 &#8211; Juin 2026 Lieu : Salle Michel Seurat &#8211; M\u00e9diath\u00e8que de la MMSH&nbsp;et \u00e0 distance en visioconf\u00e9rence Pr\u00e9sentation Que ce soit dans le&hellip; Poursuivre la lecture S\u00e9minaire 2025-2026\" \/>\n<meta property=\"og:url\" content=\"https:\/\/pba.mmsh.fr\/?page_id=34023\" \/>\n<meta property=\"og:site_name\" content=\"P\u00f4le Biblioth\u00e8ques et Archives de la MMSH\" \/>\n<meta property=\"article:modified_time\" content=\"2026-02-09T12:08:54+00:00\" \/>\n<meta property=\"og:image\" content=\"https:\/\/pba.mmsh.fr\/wp-content\/uploads\/2022\/04\/LOGO-MMSH-UAR-2022-2.png\" \/>\n\t<meta property=\"og:image:width\" content=\"1654\" \/>\n\t<meta property=\"og:image:height\" content=\"552\" \/>\n\t<meta property=\"og:image:type\" content=\"image\/png\" \/>\n<meta name=\"twitter:card\" content=\"summary_large_image\" \/>\n<meta name=\"twitter:label1\" content=\"Dur\u00e9e de lecture estim\u00e9e\" \/>\n\t<meta name=\"twitter:data1\" content=\"6 minutes\" \/>\n<script type=\"application\/ld+json\" class=\"yoast-schema-graph\">{\"@context\":\"https:\\\/\\\/schema.org\",\"@graph\":[{\"@type\":\"WebPage\",\"@id\":\"https:\\\/\\\/pba.mmsh.fr\\\/?page_id=34023\",\"url\":\"https:\\\/\\\/pba.mmsh.fr\\\/?page_id=34023\",\"name\":\"S\u00e9minaire 2025-2026 - P\u00f4le Biblioth\u00e8ques et Archives de la MMSH\",\"isPartOf\":{\"@id\":\"https:\\\/\\\/pba.mmsh.fr\\\/#website\"},\"datePublished\":\"2025-09-11T15:25:49+00:00\",\"dateModified\":\"2026-02-09T12:08:54+00:00\",\"breadcrumb\":{\"@id\":\"https:\\\/\\\/pba.mmsh.fr\\\/?page_id=34023#breadcrumb\"},\"inLanguage\":\"fr-FR\",\"potentialAction\":[{\"@type\":\"ReadAction\",\"target\":[\"https:\\\/\\\/pba.mmsh.fr\\\/?page_id=34023\"]}]},{\"@type\":\"BreadcrumbList\",\"@id\":\"https:\\\/\\\/pba.mmsh.fr\\\/?page_id=34023#breadcrumb\",\"itemListElement\":[{\"@type\":\"ListItem\",\"position\":1,\"name\":\"Accueil\",\"item\":\"https:\\\/\\\/pba.mmsh.fr\\\/\"},{\"@type\":\"ListItem\",\"position\":2,\"name\":\"S\u00e9minaire 2025-2026\"}]},{\"@type\":\"WebSite\",\"@id\":\"https:\\\/\\\/pba.mmsh.fr\\\/#website\",\"url\":\"https:\\\/\\\/pba.mmsh.fr\\\/\",\"name\":\"P\u00f4le Biblioth\u00e8ques et Archives de la MMSH\",\"description\":\"Biblioth\u00e8ques et Archives \u00e0 la Maison m\u00e9diterran\u00e9enne des sciences de l\u2019homme\",\"publisher\":{\"@id\":\"https:\\\/\\\/pba.mmsh.fr\\\/#organization\"},\"potentialAction\":[{\"@type\":\"SearchAction\",\"target\":{\"@type\":\"EntryPoint\",\"urlTemplate\":\"https:\\\/\\\/pba.mmsh.fr\\\/?s={search_term_string}\"},\"query-input\":{\"@type\":\"PropertyValueSpecification\",\"valueRequired\":true,\"valueName\":\"search_term_string\"}}],\"inLanguage\":\"fr-FR\"},{\"@type\":\"Organization\",\"@id\":\"https:\\\/\\\/pba.mmsh.fr\\\/#organization\",\"name\":\"P\u00f4le Biblioth\u00e8ques et Archives de la MMSH\",\"url\":\"https:\\\/\\\/pba.mmsh.fr\\\/\",\"logo\":{\"@type\":\"ImageObject\",\"inLanguage\":\"fr-FR\",\"@id\":\"https:\\\/\\\/pba.mmsh.fr\\\/#\\\/schema\\\/logo\\\/image\\\/\",\"url\":\"https:\\\/\\\/pba.mmsh.fr\\\/wp-content\\\/uploads\\\/2026\\\/01\\\/cropped-cropped-LOGO-UAR-MMSHS-coul.png\",\"contentUrl\":\"https:\\\/\\\/pba.mmsh.fr\\\/wp-content\\\/uploads\\\/2026\\\/01\\\/cropped-cropped-LOGO-UAR-MMSHS-coul.png\",\"width\":1161,\"height\":303,\"caption\":\"P\u00f4le Biblioth\u00e8ques et Archives de la MMSH\"},\"image\":{\"@id\":\"https:\\\/\\\/pba.mmsh.fr\\\/#\\\/schema\\\/logo\\\/image\\\/\"}}]}<\/script>\n<!-- \/ Yoast SEO plugin. -->","yoast_head_json":{"title":"S\u00e9minaire 2025-2026 - P\u00f4le Biblioth\u00e8ques et Archives de la MMSH","robots":{"index":"index","follow":"follow","max-snippet":"max-snippet:-1","max-image-preview":"max-image-preview:large","max-video-preview":"max-video-preview:-1"},"canonical":"https:\/\/pba.mmsh.fr\/?page_id=34023","og_locale":"fr_FR","og_type":"article","og_title":"S\u00e9minaire 2025-2026 - P\u00f4le Biblioth\u00e8ques et Archives de la MMSH","og_description":"English version Le Web et les archives du Web pour la recherche en SHS : savoirs, m\u00e9thodes et outils pour la collecte, l&rsquo;analyse et la p\u00e9rennisation de corpus en ligne Octobre 2025 &#8211; Juin 2026 Lieu : Salle Michel Seurat &#8211; M\u00e9diath\u00e8que de la MMSH&nbsp;et \u00e0 distance en visioconf\u00e9rence Pr\u00e9sentation Que ce soit dans le&hellip; Poursuivre la lecture S\u00e9minaire 2025-2026","og_url":"https:\/\/pba.mmsh.fr\/?page_id=34023","og_site_name":"P\u00f4le Biblioth\u00e8ques et Archives de la MMSH","article_modified_time":"2026-02-09T12:08:54+00:00","og_image":[{"width":1654,"height":552,"url":"https:\/\/pba.mmsh.fr\/wp-content\/uploads\/2022\/04\/LOGO-MMSH-UAR-2022-2.png","type":"image\/png"}],"twitter_card":"summary_large_image","twitter_misc":{"Dur\u00e9e de lecture estim\u00e9e":"6 minutes"},"schema":{"@context":"https:\/\/schema.org","@graph":[{"@type":"WebPage","@id":"https:\/\/pba.mmsh.fr\/?page_id=34023","url":"https:\/\/pba.mmsh.fr\/?page_id=34023","name":"S\u00e9minaire 2025-2026 - P\u00f4le Biblioth\u00e8ques et Archives de la MMSH","isPartOf":{"@id":"https:\/\/pba.mmsh.fr\/#website"},"datePublished":"2025-09-11T15:25:49+00:00","dateModified":"2026-02-09T12:08:54+00:00","breadcrumb":{"@id":"https:\/\/pba.mmsh.fr\/?page_id=34023#breadcrumb"},"inLanguage":"fr-FR","potentialAction":[{"@type":"ReadAction","target":["https:\/\/pba.mmsh.fr\/?page_id=34023"]}]},{"@type":"BreadcrumbList","@id":"https:\/\/pba.mmsh.fr\/?page_id=34023#breadcrumb","itemListElement":[{"@type":"ListItem","position":1,"name":"Accueil","item":"https:\/\/pba.mmsh.fr\/"},{"@type":"ListItem","position":2,"name":"S\u00e9minaire 2025-2026"}]},{"@type":"WebSite","@id":"https:\/\/pba.mmsh.fr\/#website","url":"https:\/\/pba.mmsh.fr\/","name":"P\u00f4le Biblioth\u00e8ques et Archives de la MMSH","description":"Biblioth\u00e8ques et Archives \u00e0 la Maison m\u00e9diterran\u00e9enne des sciences de l\u2019homme","publisher":{"@id":"https:\/\/pba.mmsh.fr\/#organization"},"potentialAction":[{"@type":"SearchAction","target":{"@type":"EntryPoint","urlTemplate":"https:\/\/pba.mmsh.fr\/?s={search_term_string}"},"query-input":{"@type":"PropertyValueSpecification","valueRequired":true,"valueName":"search_term_string"}}],"inLanguage":"fr-FR"},{"@type":"Organization","@id":"https:\/\/pba.mmsh.fr\/#organization","name":"P\u00f4le Biblioth\u00e8ques et Archives de la MMSH","url":"https:\/\/pba.mmsh.fr\/","logo":{"@type":"ImageObject","inLanguage":"fr-FR","@id":"https:\/\/pba.mmsh.fr\/#\/schema\/logo\/image\/","url":"https:\/\/pba.mmsh.fr\/wp-content\/uploads\/2026\/01\/cropped-cropped-LOGO-UAR-MMSHS-coul.png","contentUrl":"https:\/\/pba.mmsh.fr\/wp-content\/uploads\/2026\/01\/cropped-cropped-LOGO-UAR-MMSHS-coul.png","width":1161,"height":303,"caption":"P\u00f4le Biblioth\u00e8ques et Archives de la MMSH"},"image":{"@id":"https:\/\/pba.mmsh.fr\/#\/schema\/logo\/image\/"}}]}},"_links":{"self":[{"href":"https:\/\/pba.mmsh.fr\/index.php?rest_route=\/wp\/v2\/pages\/34023","targetHints":{"allow":["GET"]}}],"collection":[{"href":"https:\/\/pba.mmsh.fr\/index.php?rest_route=\/wp\/v2\/pages"}],"about":[{"href":"https:\/\/pba.mmsh.fr\/index.php?rest_route=\/wp\/v2\/types\/page"}],"author":[{"embeddable":true,"href":"https:\/\/pba.mmsh.fr\/index.php?rest_route=\/wp\/v2\/users\/2"}],"replies":[{"embeddable":true,"href":"https:\/\/pba.mmsh.fr\/index.php?rest_route=%2Fwp%2Fv2%2Fcomments&post=34023"}],"version-history":[{"count":18,"href":"https:\/\/pba.mmsh.fr\/index.php?rest_route=\/wp\/v2\/pages\/34023\/revisions"}],"predecessor-version":[{"id":35478,"href":"https:\/\/pba.mmsh.fr\/index.php?rest_route=\/wp\/v2\/pages\/34023\/revisions\/35478"}],"wp:attachment":[{"href":"https:\/\/pba.mmsh.fr\/index.php?rest_route=%2Fwp%2Fv2%2Fmedia&parent=34023"}],"curies":[{"name":"wp","href":"https:\/\/api.w.org\/{rel}","templated":true}]}}