{"id":35497,"date":"2026-02-14T18:35:29","date_gmt":"2026-02-14T17:35:29","guid":{"rendered":"https:\/\/pba.mmsh.fr\/?page_id=35497"},"modified":"2026-02-14T18:35:29","modified_gmt":"2026-02-14T17:35:29","slug":"projets","status":"publish","type":"page","link":"https:\/\/pba.mmsh.fr\/?page_id=35497","title":{"rendered":"Projets"},"content":{"rendered":"\n<p class=\"has-text-align-right\"><a href=\"#EN\">English version<\/a><\/p>\n\n\n\n<p>Depuis sa cr\u00e9ation, le WebLab et ses membres sont impliqu\u00e9s dans plusieurs projets aupr\u00e8s d&rsquo;autres chercheurs mais aussi professeurs, \u00e9tudiants et doctorants :<\/p>\n\n\n\n<p><a href=\"https:\/\/pba.mmsh.fr\/?p=35483\">IA et analyse des donn\u00e9es du Web archiv\u00e9 : entre sciences de l\u2019informatique et histoire num\u00e9rique<\/a><\/p>\n\n\n\n<p><a href=\"https:\/\/pba.mmsh.fr\/?p=35370\">Formation doctorale : Le Web comme source ou terrain en SHS<\/a><\/p>\n\n\n\n<p><a href=\"https:\/\/pba.mmsh.fr\/?p=35306\">WAAM \u2013 Web Archiving Aix Marseille<\/a><\/p>\n\n\n\n<h1 class=\"wp-block-heading\" id=\"EN\">Projects<\/h1>\n\n\n\n<p>Since its creation, the WebLab and its members has been involved in different projects with other academics but also professors, students and phD students:<\/p>\n\n\n\n<p><a href=\"https:\/\/pba.mmsh.fr\/?p=35483\">AI and the Analysis of Archived Web Data: At the Intersection of Computer Science and Digital History<\/a><\/p>\n\n\n\n<p><a href=\"https:\/\/pba.mmsh.fr\/?p=35370\">Doctoral Training: The Web as a Source or Field in Social Sciences and Humanities<\/a><\/p>\n\n\n\n<p><a href=\"https:\/\/pba.mmsh.fr\/?p=35306\">WAAM \u2013 Web Archiving Aix Marseille<\/a><\/p>\n","protected":false},"excerpt":{"rendered":"<p>English version Depuis sa cr\u00e9ation, le WebLab et ses membres sont impliqu\u00e9s dans plusieurs projets aupr\u00e8s d&rsquo;autres chercheurs mais aussi professeurs, \u00e9tudiants et doctorants : IA et analyse des donn\u00e9es du Web archiv\u00e9 : entre sciences de l\u2019informatique et histoire num\u00e9rique Formation doctorale : Le Web comme source ou terrain en SHS WAAM \u2013 Web&hellip; <a class=\"more-link\" href=\"https:\/\/pba.mmsh.fr\/?page_id=35497\">Poursuivre la lecture <span class=\"screen-reader-text\">Projets<\/span><\/a><\/p>\n","protected":false},"author":24,"featured_media":0,"parent":0,"menu_order":0,"comment_status":"closed","ping_status":"closed","template":"","meta":{"footnotes":""},"class_list":["post-35497","page","type-page","status-publish","hentry","entry"],"yoast_head":"<!-- This site is optimized with the Yoast SEO plugin v27.5 - https:\/\/yoast.com\/product\/yoast-seo-wordpress\/ -->\n<title>Projets - P\u00f4le Biblioth\u00e8ques et Archives de la MMSH<\/title>\n<meta name=\"robots\" content=\"index, follow, max-snippet:-1, max-image-preview:large, max-video-preview:-1\" \/>\n<link rel=\"canonical\" href=\"https:\/\/pba.mmsh.fr\/?page_id=35497\" \/>\n<meta property=\"og:locale\" content=\"fr_FR\" \/>\n<meta property=\"og:type\" content=\"article\" \/>\n<meta property=\"og:title\" content=\"Projets - P\u00f4le Biblioth\u00e8ques et Archives de la MMSH\" \/>\n<meta property=\"og:description\" content=\"English version Depuis sa cr\u00e9ation, le WebLab et ses membres sont impliqu\u00e9s dans plusieurs projets aupr\u00e8s d&rsquo;autres chercheurs mais aussi professeurs, \u00e9tudiants et doctorants : IA et analyse des donn\u00e9es du Web archiv\u00e9 : entre sciences de l\u2019informatique et histoire num\u00e9rique Formation doctorale : Le Web comme source ou terrain en SHS WAAM \u2013 Web&hellip; Poursuivre la lecture Projets\" \/>\n<meta property=\"og:url\" content=\"https:\/\/pba.mmsh.fr\/?page_id=35497\" \/>\n<meta property=\"og:site_name\" content=\"P\u00f4le Biblioth\u00e8ques et Archives de la MMSH\" \/>\n<meta property=\"og:image\" content=\"https:\/\/pba.mmsh.fr\/wp-content\/uploads\/2022\/04\/LOGO-MMSH-UAR-2022-2.png\" \/>\n\t<meta property=\"og:image:width\" content=\"1654\" \/>\n\t<meta property=\"og:image:height\" content=\"552\" \/>\n\t<meta property=\"og:image:type\" content=\"image\/png\" \/>\n<meta name=\"twitter:card\" content=\"summary_large_image\" \/>\n<meta name=\"twitter:label1\" content=\"Dur\u00e9e de lecture estim\u00e9e\" \/>\n\t<meta name=\"twitter:data1\" content=\"1 minute\" \/>\n<script type=\"application\/ld+json\" class=\"yoast-schema-graph\">{\"@context\":\"https:\\\/\\\/schema.org\",\"@graph\":[{\"@type\":\"WebPage\",\"@id\":\"https:\\\/\\\/pba.mmsh.fr\\\/?page_id=35497\",\"url\":\"https:\\\/\\\/pba.mmsh.fr\\\/?page_id=35497\",\"name\":\"Projets - P\u00f4le Biblioth\u00e8ques et Archives de la MMSH\",\"isPartOf\":{\"@id\":\"https:\\\/\\\/pba.mmsh.fr\\\/#website\"},\"datePublished\":\"2026-02-14T17:35:29+00:00\",\"breadcrumb\":{\"@id\":\"https:\\\/\\\/pba.mmsh.fr\\\/?page_id=35497#breadcrumb\"},\"inLanguage\":\"fr-FR\",\"potentialAction\":[{\"@type\":\"ReadAction\",\"target\":[\"https:\\\/\\\/pba.mmsh.fr\\\/?page_id=35497\"]}]},{\"@type\":\"BreadcrumbList\",\"@id\":\"https:\\\/\\\/pba.mmsh.fr\\\/?page_id=35497#breadcrumb\",\"itemListElement\":[{\"@type\":\"ListItem\",\"position\":1,\"name\":\"Accueil\",\"item\":\"https:\\\/\\\/pba.mmsh.fr\\\/\"},{\"@type\":\"ListItem\",\"position\":2,\"name\":\"Projets\"}]},{\"@type\":\"WebSite\",\"@id\":\"https:\\\/\\\/pba.mmsh.fr\\\/#website\",\"url\":\"https:\\\/\\\/pba.mmsh.fr\\\/\",\"name\":\"P\u00f4le Biblioth\u00e8ques et Archives de la MMSH\",\"description\":\"Biblioth\u00e8ques et Archives \u00e0 la Maison m\u00e9diterran\u00e9enne des sciences de l\u2019homme\",\"publisher\":{\"@id\":\"https:\\\/\\\/pba.mmsh.fr\\\/#organization\"},\"potentialAction\":[{\"@type\":\"SearchAction\",\"target\":{\"@type\":\"EntryPoint\",\"urlTemplate\":\"https:\\\/\\\/pba.mmsh.fr\\\/?s={search_term_string}\"},\"query-input\":{\"@type\":\"PropertyValueSpecification\",\"valueRequired\":true,\"valueName\":\"search_term_string\"}}],\"inLanguage\":\"fr-FR\"},{\"@type\":\"Organization\",\"@id\":\"https:\\\/\\\/pba.mmsh.fr\\\/#organization\",\"name\":\"P\u00f4le Biblioth\u00e8ques et Archives de la MMSH\",\"url\":\"https:\\\/\\\/pba.mmsh.fr\\\/\",\"logo\":{\"@type\":\"ImageObject\",\"inLanguage\":\"fr-FR\",\"@id\":\"https:\\\/\\\/pba.mmsh.fr\\\/#\\\/schema\\\/logo\\\/image\\\/\",\"url\":\"https:\\\/\\\/pba.mmsh.fr\\\/wp-content\\\/uploads\\\/2026\\\/01\\\/cropped-cropped-LOGO-UAR-MMSHS-coul.png\",\"contentUrl\":\"https:\\\/\\\/pba.mmsh.fr\\\/wp-content\\\/uploads\\\/2026\\\/01\\\/cropped-cropped-LOGO-UAR-MMSHS-coul.png\",\"width\":1161,\"height\":303,\"caption\":\"P\u00f4le Biblioth\u00e8ques et Archives de la MMSH\"},\"image\":{\"@id\":\"https:\\\/\\\/pba.mmsh.fr\\\/#\\\/schema\\\/logo\\\/image\\\/\"}}]}<\/script>\n<!-- \/ Yoast SEO plugin. -->","yoast_head_json":{"title":"Projets - P\u00f4le Biblioth\u00e8ques et Archives de la MMSH","robots":{"index":"index","follow":"follow","max-snippet":"max-snippet:-1","max-image-preview":"max-image-preview:large","max-video-preview":"max-video-preview:-1"},"canonical":"https:\/\/pba.mmsh.fr\/?page_id=35497","og_locale":"fr_FR","og_type":"article","og_title":"Projets - P\u00f4le Biblioth\u00e8ques et Archives de la MMSH","og_description":"English version Depuis sa cr\u00e9ation, le WebLab et ses membres sont impliqu\u00e9s dans plusieurs projets aupr\u00e8s d&rsquo;autres chercheurs mais aussi professeurs, \u00e9tudiants et doctorants : IA et analyse des donn\u00e9es du Web archiv\u00e9 : entre sciences de l\u2019informatique et histoire num\u00e9rique Formation doctorale : Le Web comme source ou terrain en SHS WAAM \u2013 Web&hellip; Poursuivre la lecture Projets","og_url":"https:\/\/pba.mmsh.fr\/?page_id=35497","og_site_name":"P\u00f4le Biblioth\u00e8ques et Archives de la MMSH","og_image":[{"width":1654,"height":552,"url":"https:\/\/pba.mmsh.fr\/wp-content\/uploads\/2022\/04\/LOGO-MMSH-UAR-2022-2.png","type":"image\/png"}],"twitter_card":"summary_large_image","twitter_misc":{"Dur\u00e9e de lecture estim\u00e9e":"1 minute"},"schema":{"@context":"https:\/\/schema.org","@graph":[{"@type":"WebPage","@id":"https:\/\/pba.mmsh.fr\/?page_id=35497","url":"https:\/\/pba.mmsh.fr\/?page_id=35497","name":"Projets - P\u00f4le Biblioth\u00e8ques et Archives de la MMSH","isPartOf":{"@id":"https:\/\/pba.mmsh.fr\/#website"},"datePublished":"2026-02-14T17:35:29+00:00","breadcrumb":{"@id":"https:\/\/pba.mmsh.fr\/?page_id=35497#breadcrumb"},"inLanguage":"fr-FR","potentialAction":[{"@type":"ReadAction","target":["https:\/\/pba.mmsh.fr\/?page_id=35497"]}]},{"@type":"BreadcrumbList","@id":"https:\/\/pba.mmsh.fr\/?page_id=35497#breadcrumb","itemListElement":[{"@type":"ListItem","position":1,"name":"Accueil","item":"https:\/\/pba.mmsh.fr\/"},{"@type":"ListItem","position":2,"name":"Projets"}]},{"@type":"WebSite","@id":"https:\/\/pba.mmsh.fr\/#website","url":"https:\/\/pba.mmsh.fr\/","name":"P\u00f4le Biblioth\u00e8ques et Archives de la MMSH","description":"Biblioth\u00e8ques et Archives \u00e0 la Maison m\u00e9diterran\u00e9enne des sciences de l\u2019homme","publisher":{"@id":"https:\/\/pba.mmsh.fr\/#organization"},"potentialAction":[{"@type":"SearchAction","target":{"@type":"EntryPoint","urlTemplate":"https:\/\/pba.mmsh.fr\/?s={search_term_string}"},"query-input":{"@type":"PropertyValueSpecification","valueRequired":true,"valueName":"search_term_string"}}],"inLanguage":"fr-FR"},{"@type":"Organization","@id":"https:\/\/pba.mmsh.fr\/#organization","name":"P\u00f4le Biblioth\u00e8ques et Archives de la MMSH","url":"https:\/\/pba.mmsh.fr\/","logo":{"@type":"ImageObject","inLanguage":"fr-FR","@id":"https:\/\/pba.mmsh.fr\/#\/schema\/logo\/image\/","url":"https:\/\/pba.mmsh.fr\/wp-content\/uploads\/2026\/01\/cropped-cropped-LOGO-UAR-MMSHS-coul.png","contentUrl":"https:\/\/pba.mmsh.fr\/wp-content\/uploads\/2026\/01\/cropped-cropped-LOGO-UAR-MMSHS-coul.png","width":1161,"height":303,"caption":"P\u00f4le Biblioth\u00e8ques et Archives de la MMSH"},"image":{"@id":"https:\/\/pba.mmsh.fr\/#\/schema\/logo\/image\/"}}]}},"_links":{"self":[{"href":"https:\/\/pba.mmsh.fr\/index.php?rest_route=\/wp\/v2\/pages\/35497","targetHints":{"allow":["GET"]}}],"collection":[{"href":"https:\/\/pba.mmsh.fr\/index.php?rest_route=\/wp\/v2\/pages"}],"about":[{"href":"https:\/\/pba.mmsh.fr\/index.php?rest_route=\/wp\/v2\/types\/page"}],"author":[{"embeddable":true,"href":"https:\/\/pba.mmsh.fr\/index.php?rest_route=\/wp\/v2\/users\/24"}],"replies":[{"embeddable":true,"href":"https:\/\/pba.mmsh.fr\/index.php?rest_route=%2Fwp%2Fv2%2Fcomments&post=35497"}],"version-history":[{"count":1,"href":"https:\/\/pba.mmsh.fr\/index.php?rest_route=\/wp\/v2\/pages\/35497\/revisions"}],"predecessor-version":[{"id":35501,"href":"https:\/\/pba.mmsh.fr\/index.php?rest_route=\/wp\/v2\/pages\/35497\/revisions\/35501"}],"wp:attachment":[{"href":"https:\/\/pba.mmsh.fr\/index.php?rest_route=%2Fwp%2Fv2%2Fmedia&parent=35497"}],"curies":[{"name":"wp","href":"https:\/\/api.w.org\/{rel}","templated":true}]}}