{"id":35509,"date":"2026-02-14T18:53:26","date_gmt":"2026-02-14T17:53:26","guid":{"rendered":"https:\/\/pba.mmsh.fr\/?page_id=35509"},"modified":"2026-02-14T18:53:26","modified_gmt":"2026-02-14T17:53:26","slug":"evenements","status":"publish","type":"page","link":"https:\/\/pba.mmsh.fr\/?page_id=35509","title":{"rendered":"Ev\u00e8nements"},"content":{"rendered":"\n<p class=\"has-text-align-right\">English version <\/p>\n\n\n\n<p>En plus des s\u00e9ances du s\u00e9minaire, le WebLab met en place plusieurs \u00e9v\u00e9nements scientifiques afin de promouvoir, structurer et dynamiser la recherche autour de l\u2019archivage du web :<\/p>\n\n\n\n<p><a href=\"https:\/\/pba.mmsh.fr\/?p=35479\">[Conf\u00e9rence] de Ian Milligan \u00ab\u00a0How the Web learned to Remember: Averting the Digital Dark Age\u00a0\u00bb<\/a><\/p>\n\n\n\n<h1 class=\"wp-block-heading\">Events<\/h1>\n\n\n\n<p>In addition to the seminar sessions, WebLab organizes several scholarly events to promote, structure, and boost research on web archiving :<\/p>\n\n\n\n<p><a href=\"https:\/\/pba.mmsh.fr\/?p=35479\">[Conference] How the Web learned to Remember: Averting the Digital Dark Age, 1996-2001 by Ian Milligan<\/a><\/p>\n","protected":false},"excerpt":{"rendered":"<p>English version En plus des s\u00e9ances du s\u00e9minaire, le WebLab met en place plusieurs \u00e9v\u00e9nements scientifiques afin de promouvoir, structurer et dynamiser la recherche autour de l\u2019archivage du web : [Conf\u00e9rence] de Ian Milligan \u00ab\u00a0How the Web learned to Remember: Averting the Digital Dark Age\u00a0\u00bb Events In addition to the seminar sessions, WebLab organizes several&hellip; <a class=\"more-link\" href=\"https:\/\/pba.mmsh.fr\/?page_id=35509\">Poursuivre la lecture <span class=\"screen-reader-text\">Ev\u00e8nements<\/span><\/a><\/p>\n","protected":false},"author":24,"featured_media":0,"parent":0,"menu_order":0,"comment_status":"closed","ping_status":"closed","template":"","meta":{"footnotes":""},"class_list":["post-35509","page","type-page","status-publish","hentry","entry"],"yoast_head":"<!-- This site is optimized with the Yoast SEO plugin v27.5 - https:\/\/yoast.com\/product\/yoast-seo-wordpress\/ -->\n<title>Ev\u00e8nements - P\u00f4le Biblioth\u00e8ques et Archives de la MMSH<\/title>\n<meta name=\"robots\" content=\"index, follow, max-snippet:-1, max-image-preview:large, max-video-preview:-1\" \/>\n<link rel=\"canonical\" href=\"https:\/\/pba.mmsh.fr\/?page_id=35509\" \/>\n<meta property=\"og:locale\" content=\"fr_FR\" \/>\n<meta property=\"og:type\" content=\"article\" \/>\n<meta property=\"og:title\" content=\"Ev\u00e8nements - P\u00f4le Biblioth\u00e8ques et Archives de la MMSH\" \/>\n<meta property=\"og:description\" content=\"English version En plus des s\u00e9ances du s\u00e9minaire, le WebLab met en place plusieurs \u00e9v\u00e9nements scientifiques afin de promouvoir, structurer et dynamiser la recherche autour de l\u2019archivage du web : [Conf\u00e9rence] de Ian Milligan \u00ab\u00a0How the Web learned to Remember: Averting the Digital Dark Age\u00a0\u00bb Events In addition to the seminar sessions, WebLab organizes several&hellip; Poursuivre la lecture Ev\u00e8nements\" \/>\n<meta property=\"og:url\" content=\"https:\/\/pba.mmsh.fr\/?page_id=35509\" \/>\n<meta property=\"og:site_name\" content=\"P\u00f4le Biblioth\u00e8ques et Archives de la MMSH\" \/>\n<meta property=\"og:image\" content=\"https:\/\/pba.mmsh.fr\/wp-content\/uploads\/2022\/04\/LOGO-MMSH-UAR-2022-2.png\" \/>\n\t<meta property=\"og:image:width\" content=\"1654\" \/>\n\t<meta property=\"og:image:height\" content=\"552\" \/>\n\t<meta property=\"og:image:type\" content=\"image\/png\" \/>\n<meta name=\"twitter:card\" content=\"summary_large_image\" \/>\n<meta name=\"twitter:label1\" content=\"Dur\u00e9e de lecture estim\u00e9e\" \/>\n\t<meta name=\"twitter:data1\" content=\"1 minute\" \/>\n<script type=\"application\/ld+json\" class=\"yoast-schema-graph\">{\"@context\":\"https:\\\/\\\/schema.org\",\"@graph\":[{\"@type\":\"WebPage\",\"@id\":\"https:\\\/\\\/pba.mmsh.fr\\\/?page_id=35509\",\"url\":\"https:\\\/\\\/pba.mmsh.fr\\\/?page_id=35509\",\"name\":\"Ev\u00e8nements - P\u00f4le Biblioth\u00e8ques et Archives de la MMSH\",\"isPartOf\":{\"@id\":\"https:\\\/\\\/pba.mmsh.fr\\\/#website\"},\"datePublished\":\"2026-02-14T17:53:26+00:00\",\"breadcrumb\":{\"@id\":\"https:\\\/\\\/pba.mmsh.fr\\\/?page_id=35509#breadcrumb\"},\"inLanguage\":\"fr-FR\",\"potentialAction\":[{\"@type\":\"ReadAction\",\"target\":[\"https:\\\/\\\/pba.mmsh.fr\\\/?page_id=35509\"]}]},{\"@type\":\"BreadcrumbList\",\"@id\":\"https:\\\/\\\/pba.mmsh.fr\\\/?page_id=35509#breadcrumb\",\"itemListElement\":[{\"@type\":\"ListItem\",\"position\":1,\"name\":\"Accueil\",\"item\":\"https:\\\/\\\/pba.mmsh.fr\\\/\"},{\"@type\":\"ListItem\",\"position\":2,\"name\":\"Ev\u00e8nements\"}]},{\"@type\":\"WebSite\",\"@id\":\"https:\\\/\\\/pba.mmsh.fr\\\/#website\",\"url\":\"https:\\\/\\\/pba.mmsh.fr\\\/\",\"name\":\"P\u00f4le Biblioth\u00e8ques et Archives de la MMSH\",\"description\":\"Biblioth\u00e8ques et Archives \u00e0 la Maison m\u00e9diterran\u00e9enne des sciences de l\u2019homme\",\"publisher\":{\"@id\":\"https:\\\/\\\/pba.mmsh.fr\\\/#organization\"},\"potentialAction\":[{\"@type\":\"SearchAction\",\"target\":{\"@type\":\"EntryPoint\",\"urlTemplate\":\"https:\\\/\\\/pba.mmsh.fr\\\/?s={search_term_string}\"},\"query-input\":{\"@type\":\"PropertyValueSpecification\",\"valueRequired\":true,\"valueName\":\"search_term_string\"}}],\"inLanguage\":\"fr-FR\"},{\"@type\":\"Organization\",\"@id\":\"https:\\\/\\\/pba.mmsh.fr\\\/#organization\",\"name\":\"P\u00f4le Biblioth\u00e8ques et Archives de la MMSH\",\"url\":\"https:\\\/\\\/pba.mmsh.fr\\\/\",\"logo\":{\"@type\":\"ImageObject\",\"inLanguage\":\"fr-FR\",\"@id\":\"https:\\\/\\\/pba.mmsh.fr\\\/#\\\/schema\\\/logo\\\/image\\\/\",\"url\":\"https:\\\/\\\/pba.mmsh.fr\\\/wp-content\\\/uploads\\\/2026\\\/01\\\/cropped-cropped-LOGO-UAR-MMSHS-coul.png\",\"contentUrl\":\"https:\\\/\\\/pba.mmsh.fr\\\/wp-content\\\/uploads\\\/2026\\\/01\\\/cropped-cropped-LOGO-UAR-MMSHS-coul.png\",\"width\":1161,\"height\":303,\"caption\":\"P\u00f4le Biblioth\u00e8ques et Archives de la MMSH\"},\"image\":{\"@id\":\"https:\\\/\\\/pba.mmsh.fr\\\/#\\\/schema\\\/logo\\\/image\\\/\"}}]}<\/script>\n<!-- \/ Yoast SEO plugin. -->","yoast_head_json":{"title":"Ev\u00e8nements - P\u00f4le Biblioth\u00e8ques et Archives de la MMSH","robots":{"index":"index","follow":"follow","max-snippet":"max-snippet:-1","max-image-preview":"max-image-preview:large","max-video-preview":"max-video-preview:-1"},"canonical":"https:\/\/pba.mmsh.fr\/?page_id=35509","og_locale":"fr_FR","og_type":"article","og_title":"Ev\u00e8nements - P\u00f4le Biblioth\u00e8ques et Archives de la MMSH","og_description":"English version En plus des s\u00e9ances du s\u00e9minaire, le WebLab met en place plusieurs \u00e9v\u00e9nements scientifiques afin de promouvoir, structurer et dynamiser la recherche autour de l\u2019archivage du web : [Conf\u00e9rence] de Ian Milligan \u00ab\u00a0How the Web learned to Remember: Averting the Digital Dark Age\u00a0\u00bb Events In addition to the seminar sessions, WebLab organizes several&hellip; Poursuivre la lecture Ev\u00e8nements","og_url":"https:\/\/pba.mmsh.fr\/?page_id=35509","og_site_name":"P\u00f4le Biblioth\u00e8ques et Archives de la MMSH","og_image":[{"width":1654,"height":552,"url":"https:\/\/pba.mmsh.fr\/wp-content\/uploads\/2022\/04\/LOGO-MMSH-UAR-2022-2.png","type":"image\/png"}],"twitter_card":"summary_large_image","twitter_misc":{"Dur\u00e9e de lecture estim\u00e9e":"1 minute"},"schema":{"@context":"https:\/\/schema.org","@graph":[{"@type":"WebPage","@id":"https:\/\/pba.mmsh.fr\/?page_id=35509","url":"https:\/\/pba.mmsh.fr\/?page_id=35509","name":"Ev\u00e8nements - P\u00f4le Biblioth\u00e8ques et Archives de la MMSH","isPartOf":{"@id":"https:\/\/pba.mmsh.fr\/#website"},"datePublished":"2026-02-14T17:53:26+00:00","breadcrumb":{"@id":"https:\/\/pba.mmsh.fr\/?page_id=35509#breadcrumb"},"inLanguage":"fr-FR","potentialAction":[{"@type":"ReadAction","target":["https:\/\/pba.mmsh.fr\/?page_id=35509"]}]},{"@type":"BreadcrumbList","@id":"https:\/\/pba.mmsh.fr\/?page_id=35509#breadcrumb","itemListElement":[{"@type":"ListItem","position":1,"name":"Accueil","item":"https:\/\/pba.mmsh.fr\/"},{"@type":"ListItem","position":2,"name":"Ev\u00e8nements"}]},{"@type":"WebSite","@id":"https:\/\/pba.mmsh.fr\/#website","url":"https:\/\/pba.mmsh.fr\/","name":"P\u00f4le Biblioth\u00e8ques et Archives de la MMSH","description":"Biblioth\u00e8ques et Archives \u00e0 la Maison m\u00e9diterran\u00e9enne des sciences de l\u2019homme","publisher":{"@id":"https:\/\/pba.mmsh.fr\/#organization"},"potentialAction":[{"@type":"SearchAction","target":{"@type":"EntryPoint","urlTemplate":"https:\/\/pba.mmsh.fr\/?s={search_term_string}"},"query-input":{"@type":"PropertyValueSpecification","valueRequired":true,"valueName":"search_term_string"}}],"inLanguage":"fr-FR"},{"@type":"Organization","@id":"https:\/\/pba.mmsh.fr\/#organization","name":"P\u00f4le Biblioth\u00e8ques et Archives de la MMSH","url":"https:\/\/pba.mmsh.fr\/","logo":{"@type":"ImageObject","inLanguage":"fr-FR","@id":"https:\/\/pba.mmsh.fr\/#\/schema\/logo\/image\/","url":"https:\/\/pba.mmsh.fr\/wp-content\/uploads\/2026\/01\/cropped-cropped-LOGO-UAR-MMSHS-coul.png","contentUrl":"https:\/\/pba.mmsh.fr\/wp-content\/uploads\/2026\/01\/cropped-cropped-LOGO-UAR-MMSHS-coul.png","width":1161,"height":303,"caption":"P\u00f4le Biblioth\u00e8ques et Archives de la MMSH"},"image":{"@id":"https:\/\/pba.mmsh.fr\/#\/schema\/logo\/image\/"}}]}},"_links":{"self":[{"href":"https:\/\/pba.mmsh.fr\/index.php?rest_route=\/wp\/v2\/pages\/35509","targetHints":{"allow":["GET"]}}],"collection":[{"href":"https:\/\/pba.mmsh.fr\/index.php?rest_route=\/wp\/v2\/pages"}],"about":[{"href":"https:\/\/pba.mmsh.fr\/index.php?rest_route=\/wp\/v2\/types\/page"}],"author":[{"embeddable":true,"href":"https:\/\/pba.mmsh.fr\/index.php?rest_route=\/wp\/v2\/users\/24"}],"replies":[{"embeddable":true,"href":"https:\/\/pba.mmsh.fr\/index.php?rest_route=%2Fwp%2Fv2%2Fcomments&post=35509"}],"version-history":[{"count":1,"href":"https:\/\/pba.mmsh.fr\/index.php?rest_route=\/wp\/v2\/pages\/35509\/revisions"}],"predecessor-version":[{"id":35510,"href":"https:\/\/pba.mmsh.fr\/index.php?rest_route=\/wp\/v2\/pages\/35509\/revisions\/35510"}],"wp:attachment":[{"href":"https:\/\/pba.mmsh.fr\/index.php?rest_route=%2Fwp%2Fv2%2Fmedia&parent=35509"}],"curies":[{"name":"wp","href":"https:\/\/api.w.org\/{rel}","templated":true}]}}