{"id":874,"date":"2023-06-19T17:11:35","date_gmt":"2023-06-19T15:11:35","guid":{"rendered":"https:\/\/pba.mmsh.fr\/?page_id=874"},"modified":"2023-06-19T17:11:35","modified_gmt":"2023-06-19T15:11:35","slug":"frantiq","status":"publish","type":"page","link":"https:\/\/pba.mmsh.fr\/?page_id=874","title":{"rendered":"Frantiq"},"content":{"rendered":"\n<p>La <a href=\"https:\/\/ccj.cnrs.fr\/spip.php?article1877\">BiAA<\/a> est membre de <a href=\"https:\/\/www.frantiq.fr\/\">Frantiq<\/a>, voici les derni\u00e8res annonces en direct du site de la <em>F\u00e9d\u00e9ration et ressources sur l&rsquo;Antiquit\u00e9<\/em><\/p>\n\n\n<ul class=\"has-excerpts wp-block-rss\"><li class='wp-block-rss__item'><div class='wp-block-rss__item-title'><a href='https:\/\/www.frantiq.fr\/offre-de-stage-enrichissement-de-pactols\/'>Offre de stage : enrichissement de Pactols<\/a><\/div><div class=\"wp-block-rss__item-excerpt\">STAGE POURVU ! Le consortium MASAplus et Frantiq proposent un stage \u00e9tudiant en 2026 Mission : Le stagiaire aura pour mission d\u2019enrichir le th\u00e9saurus Pactols,\u2026<\/div><\/li><li class='wp-block-rss__item'><div class='wp-block-rss__item-title'><a href='https:\/\/www.frantiq.fr\/assemble-generale-2025\/'>Assembl\u00e9e g\u00e9n\u00e9rale 2025 \u2013 Coll\u00e8ge de France \u2013 Paris<\/a><\/div><div class=\"wp-block-rss__item-excerpt\">L\u2019assembl\u00e9e annuelle de Frantiq se tiendra au Coll\u00e8ge de France \u00e0 Paris du 14 au 16 octobre 2025.\u00a0 Programme : Mardi 14 octobre Salle Fran\u00e7oise\u2026<\/div><\/li><li class='wp-block-rss__item'><div class='wp-block-rss__item-title'><a href='https:\/\/www.frantiq.fr\/frantiq-participe-a-lecole-thematique-fairarpat-de-masaplus\/'>Frantiq participe \u00e0 l\u2019\u00e9cole th\u00e9matique FAIRArPat de MASAplus<\/a><\/div><div class=\"wp-block-rss__item-excerpt\">Le consortium MASAplus organise entre le 22 et le 26 septembre 2025 au Centre Paul Langevin de Aussois son \u00e9cole th\u00e9matique FAIRArtPat, Faciliter l\u2019Acc\u00e8s et\u2026<\/div><\/li><li class='wp-block-rss__item'><div class='wp-block-rss__item-title'><a href='https:\/\/www.frantiq.fr\/bilan-du-projet-revntiq-2022-2024\/'>Bilan du projet Rev@ntiq \u2013 2022-2024<\/a><\/div><div class=\"wp-block-rss__item-excerpt\">Le projet Rev@ntiq port\u00e9 par la MOM,\u00a0dans lequel participaient\u00a0le r\u00e9seau Frantiq et quelques-unes des biblioth\u00e8ques du r\u00e9seau, s\u2019est achev\u00e9 en septembre 2024. Un service aux\u2026<\/div><\/li><li class='wp-block-rss__item'><div class='wp-block-rss__item-title'><a href='https:\/\/www.frantiq.fr\/indexer-ses-depots-hal-avec-le-thesaurus-pactols\/'>Indexer ses d\u00e9p\u00f4ts HAL avec le th\u00e9saurus Pactols<\/a><\/div><div class=\"wp-block-rss__item-excerpt\">Poursuivant son d\u00e9ploiement dans les outils de la science ouverte, le th\u00e9saurus Pactols est d\u00e9sormais disponible dans la grille de d\u00e9p\u00f4t de l\u2019archive ouverte HAL.\u2026<\/div><\/li><li class='wp-block-rss__item'><div class='wp-block-rss__item-title'><a href='https:\/\/www.frantiq.fr\/mise-a-niveau-opentheso-pour-pactols\/'>Mise \u00e0 niveau Opentheso pour Pactols<\/a><\/div><div class=\"wp-block-rss__item-excerpt\">Jeudi 07 novembre, entre 8h00 et 10h00, aura lieu une migration logicielle importante touchant le th\u00e9saurus Pactols. En effet, Opentheso \u00e9volue pour suivre les nouvelles\u2026<\/div><\/li><li class='wp-block-rss__item'><div class='wp-block-rss__item-title'><a href='https:\/\/www.frantiq.fr\/archives-de-larcheologie-histoire-pluralite-et-nouvelles-perspectives-paris-inha-28-29-novembre-2024\/'>Archives de l\u2019arch\u00e9ologie : histoire, pluralit\u00e9 et nouvelles perspectives, Paris, INHA, 28-29 novembre 2024<\/a><\/div><div class=\"wp-block-rss__item-excerpt\">Journ\u00e9e 1 Jeudi 28 novembre 2024 Institut national d\u2019histoire de l\u2019art \u2013 Salle Vasari (1er \u00e9tage) 08h30 : Accueil 09h\u201309h30 : Introduction SESSION 1 :\u2026<\/div><\/li><li class='wp-block-rss__item'><div class='wp-block-rss__item-title'><a href='https:\/\/www.frantiq.fr\/journees-du-consortium-masaplus-15-16-octobre-2024-misha-strasbourg\/'>Journ\u00e9es du consortium MASAplus, 15-16 octobre 2024, MISHA, Strasbourg<\/a><\/div><div class=\"wp-block-rss__item-excerpt\">Frantiq participera aux journ\u00e9es du consortium MASAplus (M\u00e9moire des arch\u00e9ologues et des sites arch\u00e9ologiques), accueillies \u00e0 la MISHA de Strasbourg ces 15 et 16 octobre.\u2026<\/div><\/li><li class='wp-block-rss__item'><div class='wp-block-rss__item-title'><a href='https:\/\/www.frantiq.fr\/nouveaute-frantiq-mirbel-augmenter-la-visibilite-des-acces-en-ligne-aux-revues-articles-et-ouvrages\/'>Nouveaut\u00e9 Frantiq-Mir@bel\u00a0: augmenter la visibilit\u00e9 des acc\u00e8s en ligne aux revues, articles et ouvrages<\/a><\/div><div class=\"wp-block-rss__item-excerpt\">Gr\u00e2ce aux financements du projet CollEx-Pers\u00e9e Rev@ntiq, du r\u00e9seau Frantiq, de l\u2019association KohaLa, de l\u2019ENTPE et au d\u00e9veloppement de Tamil, une nouvelle version du plugin\u2026<\/div><\/li><li class='wp-block-rss__item'><div class='wp-block-rss__item-title'><a href='https:\/\/www.frantiq.fr\/le-service-archeo-du-val-de-marne-entierement-dans-le-catalogue-frantiq\/'>Le service arch\u00e9o du Val de Marne enti\u00e8rement dans le catalogue Frantiq !<\/a><\/div><div class=\"wp-block-rss__item-excerpt\">\u00a0 Le r\u00e9seau Frantiq est heureux d\u2019accueillir les donn\u00e9es du service Arch\u00e9ologie du Val-de-Marne dans le catalogue partag\u00e9. R\u00e9mi Ancel participe d\u00e9j\u00e0 depuis 2020 aux\u2026<\/div><\/li><\/ul>","protected":false},"excerpt":{"rendered":"<p>La BiAA est membre de Frantiq, voici les derni\u00e8res annonces en direct du site de la F\u00e9d\u00e9ration et ressources sur l&rsquo;Antiquit\u00e9<\/p>\n","protected":false},"author":2,"featured_media":0,"parent":0,"menu_order":0,"comment_status":"closed","ping_status":"closed","template":"","meta":{"footnotes":""},"class_list":["post-874","page","type-page","status-publish","hentry","entry"],"yoast_head":"<!-- This site is optimized with the Yoast SEO plugin v27.2 - https:\/\/yoast.com\/product\/yoast-seo-wordpress\/ -->\n<title>Frantiq - P\u00f4le Biblioth\u00e8ques et Archives de la MMSH<\/title>\n<meta name=\"robots\" content=\"index, follow, max-snippet:-1, max-image-preview:large, max-video-preview:-1\" \/>\n<link rel=\"canonical\" href=\"https:\/\/pba.mmsh.fr\/?page_id=874\" \/>\n<meta property=\"og:locale\" content=\"fr_FR\" \/>\n<meta property=\"og:type\" content=\"article\" \/>\n<meta property=\"og:title\" content=\"Frantiq - P\u00f4le Biblioth\u00e8ques et Archives de la MMSH\" \/>\n<meta property=\"og:description\" content=\"La BiAA est membre de Frantiq, voici les derni\u00e8res annonces en direct du site de la F\u00e9d\u00e9ration et ressources sur l&rsquo;Antiquit\u00e9\" \/>\n<meta property=\"og:url\" content=\"https:\/\/pba.mmsh.fr\/?page_id=874\" \/>\n<meta property=\"og:site_name\" content=\"P\u00f4le Biblioth\u00e8ques et Archives de la MMSH\" \/>\n<meta property=\"og:image\" content=\"https:\/\/pba.mmsh.fr\/wp-content\/uploads\/2022\/04\/LOGO-MMSH-UAR-2022-2.png\" \/>\n\t<meta property=\"og:image:width\" content=\"1654\" \/>\n\t<meta property=\"og:image:height\" content=\"552\" \/>\n\t<meta property=\"og:image:type\" content=\"image\/png\" \/>\n<meta name=\"twitter:card\" content=\"summary_large_image\" \/>\n<meta name=\"twitter:label1\" content=\"Dur\u00e9e de lecture estim\u00e9e\" \/>\n\t<meta name=\"twitter:data1\" content=\"1 minute\" \/>\n<script type=\"application\/ld+json\" class=\"yoast-schema-graph\">{\"@context\":\"https:\/\/schema.org\",\"@graph\":[{\"@type\":\"WebPage\",\"@id\":\"https:\/\/pba.mmsh.fr\/?page_id=874\",\"url\":\"https:\/\/pba.mmsh.fr\/?page_id=874\",\"name\":\"Frantiq - P\u00f4le Biblioth\u00e8ques et Archives de la MMSH\",\"isPartOf\":{\"@id\":\"https:\/\/pba.mmsh.fr\/#website\"},\"datePublished\":\"2023-06-19T15:11:35+00:00\",\"breadcrumb\":{\"@id\":\"https:\/\/pba.mmsh.fr\/?page_id=874#breadcrumb\"},\"inLanguage\":\"fr-FR\",\"potentialAction\":[{\"@type\":\"ReadAction\",\"target\":[\"https:\/\/pba.mmsh.fr\/?page_id=874\"]}]},{\"@type\":\"BreadcrumbList\",\"@id\":\"https:\/\/pba.mmsh.fr\/?page_id=874#breadcrumb\",\"itemListElement\":[{\"@type\":\"ListItem\",\"position\":1,\"name\":\"Accueil\",\"item\":\"https:\/\/pba.mmsh.fr\/\"},{\"@type\":\"ListItem\",\"position\":2,\"name\":\"Frantiq\"}]},{\"@type\":\"WebSite\",\"@id\":\"https:\/\/pba.mmsh.fr\/#website\",\"url\":\"https:\/\/pba.mmsh.fr\/\",\"name\":\"P\u00f4le Biblioth\u00e8ques et Archives de la MMSH\",\"description\":\"Biblioth\u00e8ques et Archives \u00e0 la Maison m\u00e9diterran\u00e9enne des sciences de l\u2019homme\",\"publisher\":{\"@id\":\"https:\/\/pba.mmsh.fr\/#organization\"},\"potentialAction\":[{\"@type\":\"SearchAction\",\"target\":{\"@type\":\"EntryPoint\",\"urlTemplate\":\"https:\/\/pba.mmsh.fr\/?s={search_term_string}\"},\"query-input\":{\"@type\":\"PropertyValueSpecification\",\"valueRequired\":true,\"valueName\":\"search_term_string\"}}],\"inLanguage\":\"fr-FR\"},{\"@type\":\"Organization\",\"@id\":\"https:\/\/pba.mmsh.fr\/#organization\",\"name\":\"P\u00f4le Biblioth\u00e8ques et Archives de la MMSH\",\"url\":\"https:\/\/pba.mmsh.fr\/\",\"logo\":{\"@type\":\"ImageObject\",\"inLanguage\":\"fr-FR\",\"@id\":\"https:\/\/pba.mmsh.fr\/#\/schema\/logo\/image\/\",\"url\":\"https:\/\/pba.mmsh.fr\/wp-content\/uploads\/2026\/01\/cropped-cropped-LOGO-UAR-MMSHS-coul.png\",\"contentUrl\":\"https:\/\/pba.mmsh.fr\/wp-content\/uploads\/2026\/01\/cropped-cropped-LOGO-UAR-MMSHS-coul.png\",\"width\":1161,\"height\":303,\"caption\":\"P\u00f4le Biblioth\u00e8ques et Archives de la MMSH\"},\"image\":{\"@id\":\"https:\/\/pba.mmsh.fr\/#\/schema\/logo\/image\/\"}}]}<\/script>\n<!-- \/ Yoast SEO plugin. -->","yoast_head_json":{"title":"Frantiq - P\u00f4le Biblioth\u00e8ques et Archives de la MMSH","robots":{"index":"index","follow":"follow","max-snippet":"max-snippet:-1","max-image-preview":"max-image-preview:large","max-video-preview":"max-video-preview:-1"},"canonical":"https:\/\/pba.mmsh.fr\/?page_id=874","og_locale":"fr_FR","og_type":"article","og_title":"Frantiq - P\u00f4le Biblioth\u00e8ques et Archives de la MMSH","og_description":"La BiAA est membre de Frantiq, voici les derni\u00e8res annonces en direct du site de la F\u00e9d\u00e9ration et ressources sur l&rsquo;Antiquit\u00e9","og_url":"https:\/\/pba.mmsh.fr\/?page_id=874","og_site_name":"P\u00f4le Biblioth\u00e8ques et Archives de la MMSH","og_image":[{"width":1654,"height":552,"url":"https:\/\/pba.mmsh.fr\/wp-content\/uploads\/2022\/04\/LOGO-MMSH-UAR-2022-2.png","type":"image\/png"}],"twitter_card":"summary_large_image","twitter_misc":{"Dur\u00e9e de lecture estim\u00e9e":"1 minute"},"schema":{"@context":"https:\/\/schema.org","@graph":[{"@type":"WebPage","@id":"https:\/\/pba.mmsh.fr\/?page_id=874","url":"https:\/\/pba.mmsh.fr\/?page_id=874","name":"Frantiq - P\u00f4le Biblioth\u00e8ques et Archives de la MMSH","isPartOf":{"@id":"https:\/\/pba.mmsh.fr\/#website"},"datePublished":"2023-06-19T15:11:35+00:00","breadcrumb":{"@id":"https:\/\/pba.mmsh.fr\/?page_id=874#breadcrumb"},"inLanguage":"fr-FR","potentialAction":[{"@type":"ReadAction","target":["https:\/\/pba.mmsh.fr\/?page_id=874"]}]},{"@type":"BreadcrumbList","@id":"https:\/\/pba.mmsh.fr\/?page_id=874#breadcrumb","itemListElement":[{"@type":"ListItem","position":1,"name":"Accueil","item":"https:\/\/pba.mmsh.fr\/"},{"@type":"ListItem","position":2,"name":"Frantiq"}]},{"@type":"WebSite","@id":"https:\/\/pba.mmsh.fr\/#website","url":"https:\/\/pba.mmsh.fr\/","name":"P\u00f4le Biblioth\u00e8ques et Archives de la MMSH","description":"Biblioth\u00e8ques et Archives \u00e0 la Maison m\u00e9diterran\u00e9enne des sciences de l\u2019homme","publisher":{"@id":"https:\/\/pba.mmsh.fr\/#organization"},"potentialAction":[{"@type":"SearchAction","target":{"@type":"EntryPoint","urlTemplate":"https:\/\/pba.mmsh.fr\/?s={search_term_string}"},"query-input":{"@type":"PropertyValueSpecification","valueRequired":true,"valueName":"search_term_string"}}],"inLanguage":"fr-FR"},{"@type":"Organization","@id":"https:\/\/pba.mmsh.fr\/#organization","name":"P\u00f4le Biblioth\u00e8ques et Archives de la MMSH","url":"https:\/\/pba.mmsh.fr\/","logo":{"@type":"ImageObject","inLanguage":"fr-FR","@id":"https:\/\/pba.mmsh.fr\/#\/schema\/logo\/image\/","url":"https:\/\/pba.mmsh.fr\/wp-content\/uploads\/2026\/01\/cropped-cropped-LOGO-UAR-MMSHS-coul.png","contentUrl":"https:\/\/pba.mmsh.fr\/wp-content\/uploads\/2026\/01\/cropped-cropped-LOGO-UAR-MMSHS-coul.png","width":1161,"height":303,"caption":"P\u00f4le Biblioth\u00e8ques et Archives de la MMSH"},"image":{"@id":"https:\/\/pba.mmsh.fr\/#\/schema\/logo\/image\/"}}]}},"_links":{"self":[{"href":"https:\/\/pba.mmsh.fr\/index.php?rest_route=\/wp\/v2\/pages\/874","targetHints":{"allow":["GET"]}}],"collection":[{"href":"https:\/\/pba.mmsh.fr\/index.php?rest_route=\/wp\/v2\/pages"}],"about":[{"href":"https:\/\/pba.mmsh.fr\/index.php?rest_route=\/wp\/v2\/types\/page"}],"author":[{"embeddable":true,"href":"https:\/\/pba.mmsh.fr\/index.php?rest_route=\/wp\/v2\/users\/2"}],"replies":[{"embeddable":true,"href":"https:\/\/pba.mmsh.fr\/index.php?rest_route=%2Fwp%2Fv2%2Fcomments&post=874"}],"version-history":[{"count":1,"href":"https:\/\/pba.mmsh.fr\/index.php?rest_route=\/wp\/v2\/pages\/874\/revisions"}],"predecessor-version":[{"id":875,"href":"https:\/\/pba.mmsh.fr\/index.php?rest_route=\/wp\/v2\/pages\/874\/revisions\/875"}],"wp:attachment":[{"href":"https:\/\/pba.mmsh.fr\/index.php?rest_route=%2Fwp%2Fv2%2Fmedia&parent=874"}],"curies":[{"name":"wp","href":"https:\/\/api.w.org\/{rel}","templated":true}]}}