{"id":894,"date":"2023-09-25T16:23:14","date_gmt":"2023-09-25T14:23:14","guid":{"rendered":"https:\/\/pba.mmsh.fr\/?page_id=894"},"modified":"2023-09-28T11:28:54","modified_gmt":"2023-09-28T09:28:54","slug":"mentions-legales","status":"publish","type":"page","link":"https:\/\/pba.mmsh.fr\/?page_id=894","title":{"rendered":"Mentions l\u00e9gales"},"content":{"rendered":"\n<h2 class=\"wp-block-heading\" id=\"section-1\">Directeur de la publication<\/h2>\n\n\n\n<p>\u00c9ric Berton, Pr\u00e9sident d\u2019<a href=\"https:\/\/www.univ-amu.fr\">Aix-Marseille Universit\u00e9<\/a><\/p>\n\n\n\n<h2 class=\"wp-block-heading\">Responsable de la r\u00e9daction<\/h2>\n\n\n\n<p>Sophie Bouffier, Directrice de la <a href=\"https:\/\/mmsh.univ-aix.fr\">Maison Maison M\u00e9diterran\u00e9enne des Sciences de l&rsquo;Homme<\/a> (MMSH, UAR 3215, AMU &#8211; CNRS)<\/p>\n\n\n\n<h2 class=\"wp-block-heading\" id=\"section-2\">Raison sociale et d\u00e9nomination<\/h2>\n\n\n\n<p>Aix-Marseille Universit\u00e9, \u00e9tablissement public national \u00e0 caract\u00e8re scientifique, culturel et professionnel.<br>Jardin du Pharo<br>58, bd Charles Livon -13284 Marseille Cedex 07<br>Standard t\u00e9l\u00e9phonique : 04 91 39 65 00<br>Identifiant SIREN : 130 015 332<br>Identifiant SIRET : 130 015 332 00013<\/p>\n\n\n\n<p>Maison M\u00e9diterran\u00e9enne des Sciences de l&rsquo;Homme (UAR 3125, AMU &#8211; CNRS).<br>5, rue du Ch\u00e2teau de l\u2019Horloge \/ CS 90412<br>13097 Aix-en-Provence cedex 2<br>T\u00e9l. + 33 (0)4 42 52 40 00<\/p>\n\n\n\n<h2 class=\"wp-block-heading\" id=\"section-4\">H\u00e9bergement<\/h2>\n\n\n\n<p><a href=\"https:\/\/si.mmsh.fr\/\">Service Informatique<\/a> de la Maison M\u00e9diterran\u00e9enne des Sciences de l&rsquo;Homme (UAR 3125, AMU &#8211; CNRS).<br>5, rue du Ch\u00e2teau de l\u2019Horloge \/ CS 90412<br>13097 Aix-en-Provence cedex 2<br>T\u00e9l. + 33 (0)4 42 52 40 00<\/p>\n\n\n\n<h2 class=\"wp-block-heading\" id=\"section-5\">Contenu \u00e9ditorial et mise \u00e0 jour<\/h2>\n\n\n\n<p>Les informations mises \u00e0 disposition sur le site n&rsquo;ont qu&rsquo;une valeur indicative. Nous rappelons que le contenu du site Internet peut comporter des erreurs ou oublis, et qu&rsquo;il est susceptible d&rsquo;\u00eatre modifi\u00e9 ou mis \u00e0 jour sans pr\u00e9avis. La responsabilit\u00e9 de l&rsquo;universit\u00e9 d&rsquo;Aix-Marseille ne peut, en aucune mani\u00e8re, \u00eatre engag\u00e9e quant au contenu des informations figurant sur son site ou aux cons\u00e9quences pouvant r\u00e9sulter de leur utilisation ou interpr\u00e9tation. Les liens hypertextes de notre site Web pointent vers d\u2019autres ressources sur le r\u00e9seau Internet, pour autant, la responsabilit\u00e9 de l\u2019universit\u00e9 ne saurait \u00eatre engag\u00e9e au titre d\u2019un site tiers atteint via notre site.<\/p>\n\n\n\n<h2 class=\"wp-block-heading\" id=\"section-7\">Proc\u00e9dure et notification<\/h2>\n\n\n\n<p>L&rsquo;utilisateur qui constaterait des inexactitudes, des informations erron\u00e9es ou des informations de caract\u00e8re manifestement illicite, est tenu d&rsquo;en informer le responsable de la publication afin que celui-ci y mette fin.<\/p>\n\n\n\n<h2 class=\"wp-block-heading\" id=\"section-8\">Modification de la notice l\u00e9gale<\/h2>\n\n\n\n<p>L&rsquo;Universit\u00e9 d&rsquo;Aix-Marseille, propri\u00e9taire et exploitant du site, se r\u00e9serve le droit de modifier la pr\u00e9sente notice \u00e0 tout moment. L&rsquo;utilisateur s&rsquo;engage donc \u00e0 la consulter r\u00e9guli\u00e8rement.<br>&nbsp;<\/p>\n\n\n\n<h2 class=\"wp-block-heading\" id=\"section-9\">Informatique et libert\u00e9<\/h2>\n\n\n\n<p>Ce site web comporte des informations nominatives concernant des personnels, des \u00e9tudiants ou des partenaires du P\u00f4le biblioth\u00e8ques et archives de la MMSH. Conform\u00e9ment \u00e0 la loi n\u00b078-17 du 6 janvier 1978, relative \u00e0 l\u2019Informatique, aux Fichiers et aux Libert\u00e9s (article 38, 39, 40), vous disposez d\u2019un droit d\u2019acc\u00e8s, de rectification et de suppression des donn\u00e9es vous concernant, en ligne sur ce site.<br>Pour exercer ce droit, vous pouvez vous adresser au Correspondant Informatique et Libert\u00e9s de l&rsquo;\u00e9tablissement.<\/p>\n","protected":false},"excerpt":{"rendered":"<p>Directeur de la publication \u00c9ric Berton, Pr\u00e9sident d\u2019Aix-Marseille Universit\u00e9 Responsable de la r\u00e9daction Sophie Bouffier, Directrice de la Maison Maison M\u00e9diterran\u00e9enne des Sciences de l&rsquo;Homme (MMSH, UAR 3215, AMU &#8211; CNRS) Raison sociale et d\u00e9nomination Aix-Marseille Universit\u00e9, \u00e9tablissement public national \u00e0 caract\u00e8re scientifique, culturel et professionnel.Jardin du Pharo58, bd Charles Livon -13284 Marseille Cedex 07Standard&hellip; <a class=\"more-link\" href=\"https:\/\/pba.mmsh.fr\/?page_id=894\">Poursuivre la lecture <span class=\"screen-reader-text\">Mentions l\u00e9gales<\/span><\/a><\/p>\n","protected":false},"author":8,"featured_media":0,"parent":0,"menu_order":0,"comment_status":"closed","ping_status":"closed","template":"","meta":{"footnotes":""},"class_list":["post-894","page","type-page","status-publish","hentry","entry"],"yoast_head":"<!-- This site is optimized with the Yoast SEO plugin v27.2 - https:\/\/yoast.com\/product\/yoast-seo-wordpress\/ -->\n<title>Mentions l\u00e9gales - P\u00f4le Biblioth\u00e8ques et Archives de la MMSH<\/title>\n<meta name=\"robots\" content=\"index, follow, max-snippet:-1, max-image-preview:large, max-video-preview:-1\" \/>\n<link rel=\"canonical\" href=\"https:\/\/pba.mmsh.fr\/?page_id=894\" \/>\n<meta property=\"og:locale\" content=\"fr_FR\" \/>\n<meta property=\"og:type\" content=\"article\" \/>\n<meta property=\"og:title\" content=\"Mentions l\u00e9gales - P\u00f4le Biblioth\u00e8ques et Archives de la MMSH\" \/>\n<meta property=\"og:description\" content=\"Directeur de la publication \u00c9ric Berton, Pr\u00e9sident d\u2019Aix-Marseille Universit\u00e9 Responsable de la r\u00e9daction Sophie Bouffier, Directrice de la Maison Maison M\u00e9diterran\u00e9enne des Sciences de l&rsquo;Homme (MMSH, UAR 3215, AMU &#8211; CNRS) Raison sociale et d\u00e9nomination Aix-Marseille Universit\u00e9, \u00e9tablissement public national \u00e0 caract\u00e8re scientifique, culturel et professionnel.Jardin du Pharo58, bd Charles Livon -13284 Marseille Cedex 07Standard&hellip; Poursuivre la lecture Mentions l\u00e9gales\" \/>\n<meta property=\"og:url\" content=\"https:\/\/pba.mmsh.fr\/?page_id=894\" \/>\n<meta property=\"og:site_name\" content=\"P\u00f4le Biblioth\u00e8ques et Archives de la MMSH\" \/>\n<meta property=\"article:modified_time\" content=\"2023-09-28T09:28:54+00:00\" \/>\n<meta property=\"og:image\" content=\"https:\/\/pba.mmsh.fr\/wp-content\/uploads\/2022\/04\/LOGO-MMSH-UAR-2022-2.png\" \/>\n\t<meta property=\"og:image:width\" content=\"1654\" \/>\n\t<meta property=\"og:image:height\" content=\"552\" \/>\n\t<meta property=\"og:image:type\" content=\"image\/png\" \/>\n<meta name=\"twitter:card\" content=\"summary_large_image\" \/>\n<meta name=\"twitter:label1\" content=\"Dur\u00e9e de lecture estim\u00e9e\" \/>\n\t<meta name=\"twitter:data1\" content=\"3 minutes\" \/>\n<script type=\"application\/ld+json\" class=\"yoast-schema-graph\">{\"@context\":\"https:\/\/schema.org\",\"@graph\":[{\"@type\":\"WebPage\",\"@id\":\"https:\/\/pba.mmsh.fr\/?page_id=894\",\"url\":\"https:\/\/pba.mmsh.fr\/?page_id=894\",\"name\":\"Mentions l\u00e9gales - P\u00f4le Biblioth\u00e8ques et Archives de la MMSH\",\"isPartOf\":{\"@id\":\"https:\/\/pba.mmsh.fr\/#website\"},\"datePublished\":\"2023-09-25T14:23:14+00:00\",\"dateModified\":\"2023-09-28T09:28:54+00:00\",\"breadcrumb\":{\"@id\":\"https:\/\/pba.mmsh.fr\/?page_id=894#breadcrumb\"},\"inLanguage\":\"fr-FR\",\"potentialAction\":[{\"@type\":\"ReadAction\",\"target\":[\"https:\/\/pba.mmsh.fr\/?page_id=894\"]}]},{\"@type\":\"BreadcrumbList\",\"@id\":\"https:\/\/pba.mmsh.fr\/?page_id=894#breadcrumb\",\"itemListElement\":[{\"@type\":\"ListItem\",\"position\":1,\"name\":\"Accueil\",\"item\":\"https:\/\/pba.mmsh.fr\/\"},{\"@type\":\"ListItem\",\"position\":2,\"name\":\"Mentions l\u00e9gales\"}]},{\"@type\":\"WebSite\",\"@id\":\"https:\/\/pba.mmsh.fr\/#website\",\"url\":\"https:\/\/pba.mmsh.fr\/\",\"name\":\"P\u00f4le Biblioth\u00e8ques et Archives de la MMSH\",\"description\":\"Biblioth\u00e8ques et Archives \u00e0 la Maison m\u00e9diterran\u00e9enne des sciences de l\u2019homme\",\"publisher\":{\"@id\":\"https:\/\/pba.mmsh.fr\/#organization\"},\"potentialAction\":[{\"@type\":\"SearchAction\",\"target\":{\"@type\":\"EntryPoint\",\"urlTemplate\":\"https:\/\/pba.mmsh.fr\/?s={search_term_string}\"},\"query-input\":{\"@type\":\"PropertyValueSpecification\",\"valueRequired\":true,\"valueName\":\"search_term_string\"}}],\"inLanguage\":\"fr-FR\"},{\"@type\":\"Organization\",\"@id\":\"https:\/\/pba.mmsh.fr\/#organization\",\"name\":\"P\u00f4le Biblioth\u00e8ques et Archives de la MMSH\",\"url\":\"https:\/\/pba.mmsh.fr\/\",\"logo\":{\"@type\":\"ImageObject\",\"inLanguage\":\"fr-FR\",\"@id\":\"https:\/\/pba.mmsh.fr\/#\/schema\/logo\/image\/\",\"url\":\"https:\/\/pba.mmsh.fr\/wp-content\/uploads\/2026\/01\/cropped-cropped-LOGO-UAR-MMSHS-coul.png\",\"contentUrl\":\"https:\/\/pba.mmsh.fr\/wp-content\/uploads\/2026\/01\/cropped-cropped-LOGO-UAR-MMSHS-coul.png\",\"width\":1161,\"height\":303,\"caption\":\"P\u00f4le Biblioth\u00e8ques et Archives de la MMSH\"},\"image\":{\"@id\":\"https:\/\/pba.mmsh.fr\/#\/schema\/logo\/image\/\"}}]}<\/script>\n<!-- \/ Yoast SEO plugin. -->","yoast_head_json":{"title":"Mentions l\u00e9gales - P\u00f4le Biblioth\u00e8ques et Archives de la MMSH","robots":{"index":"index","follow":"follow","max-snippet":"max-snippet:-1","max-image-preview":"max-image-preview:large","max-video-preview":"max-video-preview:-1"},"canonical":"https:\/\/pba.mmsh.fr\/?page_id=894","og_locale":"fr_FR","og_type":"article","og_title":"Mentions l\u00e9gales - P\u00f4le Biblioth\u00e8ques et Archives de la MMSH","og_description":"Directeur de la publication \u00c9ric Berton, Pr\u00e9sident d\u2019Aix-Marseille Universit\u00e9 Responsable de la r\u00e9daction Sophie Bouffier, Directrice de la Maison Maison M\u00e9diterran\u00e9enne des Sciences de l&rsquo;Homme (MMSH, UAR 3215, AMU &#8211; CNRS) Raison sociale et d\u00e9nomination Aix-Marseille Universit\u00e9, \u00e9tablissement public national \u00e0 caract\u00e8re scientifique, culturel et professionnel.Jardin du Pharo58, bd Charles Livon -13284 Marseille Cedex 07Standard&hellip; Poursuivre la lecture Mentions l\u00e9gales","og_url":"https:\/\/pba.mmsh.fr\/?page_id=894","og_site_name":"P\u00f4le Biblioth\u00e8ques et Archives de la MMSH","article_modified_time":"2023-09-28T09:28:54+00:00","og_image":[{"width":1654,"height":552,"url":"https:\/\/pba.mmsh.fr\/wp-content\/uploads\/2022\/04\/LOGO-MMSH-UAR-2022-2.png","type":"image\/png"}],"twitter_card":"summary_large_image","twitter_misc":{"Dur\u00e9e de lecture estim\u00e9e":"3 minutes"},"schema":{"@context":"https:\/\/schema.org","@graph":[{"@type":"WebPage","@id":"https:\/\/pba.mmsh.fr\/?page_id=894","url":"https:\/\/pba.mmsh.fr\/?page_id=894","name":"Mentions l\u00e9gales - P\u00f4le Biblioth\u00e8ques et Archives de la MMSH","isPartOf":{"@id":"https:\/\/pba.mmsh.fr\/#website"},"datePublished":"2023-09-25T14:23:14+00:00","dateModified":"2023-09-28T09:28:54+00:00","breadcrumb":{"@id":"https:\/\/pba.mmsh.fr\/?page_id=894#breadcrumb"},"inLanguage":"fr-FR","potentialAction":[{"@type":"ReadAction","target":["https:\/\/pba.mmsh.fr\/?page_id=894"]}]},{"@type":"BreadcrumbList","@id":"https:\/\/pba.mmsh.fr\/?page_id=894#breadcrumb","itemListElement":[{"@type":"ListItem","position":1,"name":"Accueil","item":"https:\/\/pba.mmsh.fr\/"},{"@type":"ListItem","position":2,"name":"Mentions l\u00e9gales"}]},{"@type":"WebSite","@id":"https:\/\/pba.mmsh.fr\/#website","url":"https:\/\/pba.mmsh.fr\/","name":"P\u00f4le Biblioth\u00e8ques et Archives de la MMSH","description":"Biblioth\u00e8ques et Archives \u00e0 la Maison m\u00e9diterran\u00e9enne des sciences de l\u2019homme","publisher":{"@id":"https:\/\/pba.mmsh.fr\/#organization"},"potentialAction":[{"@type":"SearchAction","target":{"@type":"EntryPoint","urlTemplate":"https:\/\/pba.mmsh.fr\/?s={search_term_string}"},"query-input":{"@type":"PropertyValueSpecification","valueRequired":true,"valueName":"search_term_string"}}],"inLanguage":"fr-FR"},{"@type":"Organization","@id":"https:\/\/pba.mmsh.fr\/#organization","name":"P\u00f4le Biblioth\u00e8ques et Archives de la MMSH","url":"https:\/\/pba.mmsh.fr\/","logo":{"@type":"ImageObject","inLanguage":"fr-FR","@id":"https:\/\/pba.mmsh.fr\/#\/schema\/logo\/image\/","url":"https:\/\/pba.mmsh.fr\/wp-content\/uploads\/2026\/01\/cropped-cropped-LOGO-UAR-MMSHS-coul.png","contentUrl":"https:\/\/pba.mmsh.fr\/wp-content\/uploads\/2026\/01\/cropped-cropped-LOGO-UAR-MMSHS-coul.png","width":1161,"height":303,"caption":"P\u00f4le Biblioth\u00e8ques et Archives de la MMSH"},"image":{"@id":"https:\/\/pba.mmsh.fr\/#\/schema\/logo\/image\/"}}]}},"_links":{"self":[{"href":"https:\/\/pba.mmsh.fr\/index.php?rest_route=\/wp\/v2\/pages\/894","targetHints":{"allow":["GET"]}}],"collection":[{"href":"https:\/\/pba.mmsh.fr\/index.php?rest_route=\/wp\/v2\/pages"}],"about":[{"href":"https:\/\/pba.mmsh.fr\/index.php?rest_route=\/wp\/v2\/types\/page"}],"author":[{"embeddable":true,"href":"https:\/\/pba.mmsh.fr\/index.php?rest_route=\/wp\/v2\/users\/8"}],"replies":[{"embeddable":true,"href":"https:\/\/pba.mmsh.fr\/index.php?rest_route=%2Fwp%2Fv2%2Fcomments&post=894"}],"version-history":[{"count":9,"href":"https:\/\/pba.mmsh.fr\/index.php?rest_route=\/wp\/v2\/pages\/894\/revisions"}],"predecessor-version":[{"id":903,"href":"https:\/\/pba.mmsh.fr\/index.php?rest_route=\/wp\/v2\/pages\/894\/revisions\/903"}],"wp:attachment":[{"href":"https:\/\/pba.mmsh.fr\/index.php?rest_route=%2Fwp%2Fv2%2Fmedia&parent=894"}],"curies":[{"name":"wp","href":"https:\/\/api.w.org\/{rel}","templated":true}]}}