{"id":9,"date":"2022-04-05T15:04:28","date_gmt":"2022-04-05T13:04:28","guid":{"rendered":"https:\/\/pba.mmsh.fr\/?page_id=9"},"modified":"2025-02-21T16:20:37","modified_gmt":"2025-02-21T15:20:37","slug":"a-propos-de","status":"publish","type":"page","link":"https:\/\/pba.mmsh.fr\/?page_id=9","title":{"rendered":"\u00c0 propos"},"content":{"rendered":"<div class='__iawmlf-post-loop-links' style='display:none;' data-iawmlf-post-links='[{&quot;id&quot;:556,&quot;href&quot;:&quot;https:\\\/\\\/catalogue.frantiq.fr&quot;,&quot;archived_href&quot;:&quot;&quot;,&quot;redirect_href&quot;:&quot;&quot;,&quot;checks&quot;:[],&quot;broken&quot;:false,&quot;last_checked&quot;:null,&quot;process&quot;:&quot;done&quot;},{&quot;id&quot;:557,&quot;href&quot;:&quot;https:\\\/\\\/www.ctles.fr\\\/services\\\/conservation-partagee\\\/pcp-thematiques\\\/pcp-sciences-de-lantiquite&quot;,&quot;archived_href&quot;:&quot;https:\\\/\\\/web-wp.archive.org\\\/web\\\/20260417054603\\\/https:\\\/\\\/www.ctles.fr\\\/services\\\/conservation-partagee\\\/pcp-thematiques\\\/pcp-sciences-de-lantiquite&quot;,&quot;redirect_href&quot;:&quot;&quot;,&quot;checks&quot;:[{&quot;date&quot;:&quot;2026-04-17 21:13:02&quot;,&quot;http_code&quot;:200},{&quot;date&quot;:&quot;2026-04-21 13:43:43&quot;,&quot;http_code&quot;:200},{&quot;date&quot;:&quot;2026-04-27 12:38:21&quot;,&quot;http_code&quot;:200}],&quot;broken&quot;:false,&quot;last_checked&quot;:{&quot;date&quot;:&quot;2026-04-27 12:38:21&quot;,&quot;http_code&quot;:200},&quot;process&quot;:&quot;done&quot;},{&quot;id&quot;:558,&quot;href&quot;:&quot;https:\\\/\\\/odyssee.univ-amu.fr\\\/solr-search?q=biaa&quot;,&quot;archived_href&quot;:&quot;&quot;,&quot;redirect_href&quot;:&quot;&quot;,&quot;checks&quot;:[],&quot;broken&quot;:false,&quot;last_checked&quot;:null,&quot;process&quot;:&quot;done&quot;},{&quot;id&quot;:372,&quot;href&quot;:&quot;https:\\\/\\\/ccj.cnrs.fr\\\/spip.php?article1877&quot;,&quot;archived_href&quot;:&quot;&quot;,&quot;redirect_href&quot;:&quot;&quot;,&quot;checks&quot;:[],&quot;broken&quot;:false,&quot;last_checked&quot;:null,&quot;process&quot;:&quot;done&quot;},{&quot;id&quot;:554,&quot;href&quot;:&quot;https:\\\/\\\/mesopolhis.fr\\\/le-laboratoire\\\/la-bibliotheque-recherche&quot;,&quot;archived_href&quot;:&quot;&quot;,&quot;redirect_href&quot;:&quot;&quot;,&quot;checks&quot;:[],&quot;broken&quot;:false,&quot;last_checked&quot;:null,&quot;process&quot;:&quot;done&quot;},{&quot;id&quot;:559,&quot;href&quot;:&quot;https:\\\/\\\/centrenorbertelias.cnrs.fr\\\/home\\\/cdss&quot;,&quot;archived_href&quot;:&quot;https:\\\/\\\/web-wp.archive.org\\\/web\\\/20241113030032\\\/https:\\\/\\\/centrenorbertelias.cnrs.fr\\\/home\\\/cdss\\\/&quot;,&quot;redirect_href&quot;:&quot;&quot;,&quot;checks&quot;:[{&quot;date&quot;:&quot;2026-04-17 03:46:00&quot;,&quot;http_code&quot;:200},{&quot;date&quot;:&quot;2026-04-20 05:41:27&quot;,&quot;http_code&quot;:503},{&quot;date&quot;:&quot;2026-04-23 13:28:56&quot;,&quot;http_code&quot;:200},{&quot;date&quot;:&quot;2026-04-27 12:38:26&quot;,&quot;http_code&quot;:200}],&quot;broken&quot;:false,&quot;last_checked&quot;:{&quot;date&quot;:&quot;2026-04-27 12:38:26&quot;,&quot;http_code&quot;:200},&quot;process&quot;:&quot;done&quot;},{&quot;id&quot;:7,&quot;href&quot;:&quot;https:\\\/\\\/mediatec.hypotheses.org&quot;,&quot;archived_href&quot;:&quot;&quot;,&quot;redirect_href&quot;:&quot;&quot;,&quot;checks&quot;:[],&quot;broken&quot;:false,&quot;last_checked&quot;:null,&quot;process&quot;:&quot;done&quot;},{&quot;id&quot;:560,&quot;href&quot;:&quot;https:\\\/\\\/phonotheque.hypotheses.org&quot;,&quot;archived_href&quot;:&quot;&quot;,&quot;redirect_href&quot;:&quot;&quot;,&quot;checks&quot;:[],&quot;broken&quot;:false,&quot;last_checked&quot;:null,&quot;process&quot;:&quot;done&quot;}]'><\/div>\n<h2 class=\"wp-block-heading\">Le P\u00f4le biblioth\u00e8ques et archives de la MMSH<\/h2>\n\n\n\n<p>Le P\u00f4le biblioth\u00e8ques et archives de la MMSH constitue une plateforme documentaire interdisciplinaire et multilingue de soutien \u00e0 la transition num\u00e9rique des pratiques de recherche et \u00e0 leur ouverture vers la soci\u00e9t\u00e9. Il f\u00e9d\u00e8re les \u00e9quipes la Biblioth\u00e8que d\u2019Antiquit\u00e9 d\u2019Aix-en-Provence, la Biblioth\u00e8que de pr\u00e9histoire, la biblioth\u00e8que recherche du Mesopolhis, la M\u00e9diath\u00e8que SHS et son secteur \u00ab Archives de la recherche \u00bb. Ses membres mettent en commun leurs comp\u00e9tences et d\u00e9veloppent une offre de services mutualis\u00e9e \u00e0 destination des usag\u00e8res et usagers du site d&rsquo;Aix-Marseille et de la communaut\u00e9 scientifique en France et \u00e0 l&rsquo;international. Le P\u00f4le biblioth\u00e8ques et archives conjugue l\u2019analogique avec le num\u00e9rique et met en \u0153uvre la strat\u00e9gie de science ouverte de la MMSH dans toutes les dimensions de la documentation scientifique et des archives de la recherche.<\/p>\n\n\n\n<h2 class=\"wp-block-heading\">Biblioth\u00e8que d\u2019Antiquit\u00e9 d\u2019Aix-en-Provence (BiAA) et Biblioth\u00e8que de pr\u00e9histoire<\/h2>\n\n\n\n<p>Les biblioth\u00e8ques d\u2019Antiquit\u00e9 et de Pr\u00e9histoire sont des centres de ressources documentaires de recherche. Elles sont riches de 61.000 ouvrages, de 2.295 p\u00e9riodiques dont 318 vivants, 90.000 tir\u00e9s \u00e0 part et 3.100 documents de litt\u00e9rature grise (rapports et travaux universitaires).<\/p>\n\n\n\n<p>La BiAA a, en particulier, un fond tr\u00e8s riche sur la colonisation grecque en Occident et sur l\u2019arch\u00e9ologie de la Gaule m\u00e9ridionale et de l\u2019Afrique romaine. La biblioth\u00e8que de pr\u00e9histoire est, quant \u00e0 elle, sp\u00e9cialis\u00e9e sur l\u2019Afrique du Nord et l\u2019Afrique saharienne. Elles comptent parmi les plus grandes biblioth\u00e8ques fran\u00e7aises sp\u00e9cialis\u00e9es en arch\u00e9ologie. Les biblioth\u00e8ques sont membres du r\u00e9seau Frantiq, GDS 3378, et leur <a href=\"https:\/\/catalogue.frantiq.fr\/\">catalogue est accessible en ligne<\/a>. Elles participent au <a href=\"https:\/\/www.ctles.fr\/services\/conservation-partagee\/pcp-thematiques\/pcp-sciences-de-lantiquite\">plan de conservation partag\u00e9s des p\u00e9riodiques en sciences de l\u2019Antiquit\u00e9<\/a> et leurs collections de p\u00e9riodiques sont labellis\u00e9es collection d\u2019excellence par le Collex Pers\u00e9e pour l\u2019arch\u00e9ologie nationale. Elles participent \u00e0 la valorisation de la recherche et au d\u00e9veloppement de la science ouverte en participant \u00e0 des projets de <a href=\"https:\/\/odyssee.univ-amu.fr\/solr-search?q=biaa\">num\u00e9risation des collections<\/a>.<\/p>\n\n\n\n<p><a href=\"https:\/\/ccj.cnrs.fr\/spip.php?article1877\">Plus d&rsquo;information sur le site de la BiAA<\/a><\/p>\n\n\n\n<h2 class=\"wp-block-heading\">Biblioth\u00e8que recherche du Mesopolhis<\/h2>\n\n\n\n<p>Situ\u00e9e \u00e0 l\u2019Espace Philippe SEGUIN, elle a pour mission principale de proposer des ouvrages indispensables aux travaux des chercheur\u00b7es et des \u00e9tudiant\u00b7es, sp\u00e9cifiques \u00e0 leur domaine d\u2019\u00e9tude. son fond documentaire est constamment enrichi des derni\u00e8res nouveaut\u00e9s. Actuellement plus de 4000 ouvrages de recherche sont r\u00e9f\u00e9renc\u00e9s sur des disciplines aussi vari\u00e9es que la sociologie, l\u2019anthropologie, les sciences politiques et l\u2019\u00e9conomie. La biblioth\u00e8que Recherche propose un espace de travail calme, disposant d\u2019une connexion Wi-Fi et d\u2019un environnement num\u00e9rique de qualit\u00e9 (ordinateurs, imprimantes, scanner, photocopieuse).<\/p>\n\n\n\n<p><a href=\"https:\/\/mesopolhis.fr\/le-laboratoire\/la-bibliotheque-recherche\/\">Pour plus d&rsquo;informations sur le site du Mesopolhis<\/a><\/p>\n\n\n\n<h2 class=\"wp-block-heading\">Centre de documentation en sciences sociales (CDSS)<\/h2>\n\n\n\n<p>A la fois g\u00e9n\u00e9raliste et sp\u00e9cialis\u00e9, le fonds documentaire du Centre de documentation en sciences sociales se constitue en lien avec les activit\u00e9s de recherche et d\u2019enseignement implant\u00e9es \u00e0 la Vieille Charit\u00e9 \u00e0 l\u2019initiative de l\u2019EHESS et du CNRS.<\/p>\n\n\n\n<p>La collection compte plus de 18 000 ouvrages et 55 abonnements en cours \u00e0 des p\u00e9riodiques, dans les domaines de l\u2019anthropologie, l\u2019histoire et la sociologie. Une collection de th\u00e8ses et de m\u00e9moires soutenus \u00e0 l\u2019EHESS Campus Marseille depuis 1986 est \u00e9galement disponible. Plus r\u00e9cemment, un fonds de bandes dessin\u00e9es en relation avec les sciences sociales a \u00e9t\u00e9 constitu\u00e9.<\/p>\n\n\n\n<p>Depuis 1986, le fonds documentaire se d\u00e9veloppe autour des sp\u00e9cialit\u00e9s des diff\u00e9rentes unit\u00e9s de recherche qui sont ou ont \u00e9t\u00e9 implant\u00e9es \u00e0 la Vieille Charit\u00e9. Le CDSS est aujourd\u2019hui g\u00e9r\u00e9 par le Centre Norbert Elias (UMR 8562 &#8211; CNRS\/Avignon Univ\/Aix Marseille Univ) et re\u00e7oit le soutien de l\u2019EHESS et du CNRS.<\/p>\n\n\n\n<p><a href=\"https:\/\/centrenorbertelias.cnrs.fr\/home\/cdss\/\">Plus d&rsquo;informations sur le site du Centre Norbert Elias<\/a><\/p>\n\n\n\n<h2 class=\"wp-block-heading\">M\u00e9diath\u00e8que SHS<\/h2>\n\n\n\n<p>Centre de ressources multim\u00e9dia, multiculturel et multilingue au service de la recherche innovante, p\u00f4le documentaire de r\u00e9f\u00e9rence pour les \u00e9tudes ar\u00e9ales sur les r\u00e9gions d&rsquo;Afrique du Nord et Moyen-Orient (ANMO\/MENA), de M\u00e9diterran\u00e9e et d&rsquo;Afrique, la M\u00e9diath\u00e8que favorise la bibliodiversit\u00e9. Labellis\u00e9e collection d\u2019excellence par le Collex-Pers\u00e9e, elle est riche de pr\u00e8s de 140 000 ouvrages dont 40 000 en langue arabe et de 4000 p\u00e9riodiques dont 1000 en langue arabe. Elle abrite et met \u00e0 disposition, dans le respect des r\u00e8gles \u00e9thiques et juridiques, plusieurs centaines de m\u00e8tres lin\u00e9aires de fonds d\u2019archives produits ou collect\u00e9s par des chercheures et des chercheurs. Pr\u00e9curseur dans le domaine des archives sonores et audiovisuelles, la M\u00e9diath\u00e8que d\u00e9veloppe des collaborations internationales qui la placent au premier plan sur ces questions. Impliqu\u00e9e dans la structuration de la <em>digital scholarship<\/em> son \u00e9quipe participe activement au d\u00e9veloppement de la science ouverte par l\u2019ouverture sur le monde et la valorisation num\u00e9rique de ses collections. Forte d\u2019un r\u00e9seau qui rayonne tant au niveau local que national et international, elle contribue \u00e0 l\u2019avanc\u00e9e de la recherche num\u00e9rique et de la culture scientifique sur la M\u00e9diterran\u00e9e et ses mondes connexes.<\/p>\n\n\n\n<p><a href=\"https:\/\/mediatec.hypotheses.org\">Plus d&rsquo;information sur le site de la M\u00e9diath\u00e8que SHS<\/a><\/p>\n\n\n\n<h2 class=\"wp-block-heading\">Secteur archives de la recherche<\/h2>\n\n\n\n<p>Au sein de la M\u00e9diath\u00e8que, le secteur \u00ab Archives de la recherche \u00bb abrite des fonds du patrimoine scientifique en sciences humaines et sociales. Son \u00e9quipe documente des supports anciens ou plus r\u00e9cents, produits ou recueillis par les chercheures et chercheurs &#8211; documentation papier, carnets de terrain, films, cassettes et bandes, plaques de verre, diapositives, tirages, calques et plans, donn\u00e9es du web, fichiers num\u00e9riques natifs\u2026 &#8211; et conserve leurs outils de lecture. Soucieuse de rendre ces archives accessibles au plus grand nombre, elle construit un acc\u00e8s unifi\u00e9 aux donn\u00e9es et accompagne les lecteurs pour faciliter leurs recherches.<\/p>\n\n\n\n<p><a href=\"https:\/\/phonotheque.hypotheses.org\/\">Plus d&rsquo;informations sur le site du secteur archives de la recherche de la M\u00e9diath\u00e8que SHS<\/a><\/p>\n","protected":false},"excerpt":{"rendered":"<p>Le P\u00f4le biblioth\u00e8ques et archives de la MMSH Le P\u00f4le biblioth\u00e8ques et archives de la MMSH constitue une plateforme documentaire interdisciplinaire et multilingue de soutien \u00e0 la transition num\u00e9rique des pratiques de recherche et \u00e0 leur ouverture vers la soci\u00e9t\u00e9. Il f\u00e9d\u00e8re les \u00e9quipes la Biblioth\u00e8que d\u2019Antiquit\u00e9 d\u2019Aix-en-Provence, la Biblioth\u00e8que de pr\u00e9histoire, la biblioth\u00e8que recherche&hellip; <a class=\"more-link\" href=\"https:\/\/pba.mmsh.fr\/?page_id=9\">Poursuivre la lecture <span class=\"screen-reader-text\">\u00c0 propos<\/span><\/a><\/p>\n","protected":false},"author":8,"featured_media":0,"parent":0,"menu_order":0,"comment_status":"closed","ping_status":"closed","template":"","meta":{"footnotes":""},"class_list":["post-9","page","type-page","status-publish","hentry","entry"],"yoast_head":"<!-- This site is optimized with the Yoast SEO plugin v27.5 - https:\/\/yoast.com\/product\/yoast-seo-wordpress\/ -->\n<title>\u00c0 propos - P\u00f4le Biblioth\u00e8ques et Archives de la MMSH<\/title>\n<meta name=\"robots\" content=\"index, follow, max-snippet:-1, max-image-preview:large, max-video-preview:-1\" \/>\n<link rel=\"canonical\" href=\"https:\/\/pba.mmsh.fr\/?page_id=9\" \/>\n<meta property=\"og:locale\" content=\"fr_FR\" \/>\n<meta property=\"og:type\" content=\"article\" \/>\n<meta property=\"og:title\" content=\"\u00c0 propos - P\u00f4le Biblioth\u00e8ques et Archives de la MMSH\" \/>\n<meta property=\"og:description\" content=\"Le P\u00f4le biblioth\u00e8ques et archives de la MMSH Le P\u00f4le biblioth\u00e8ques et archives de la MMSH constitue une plateforme documentaire interdisciplinaire et multilingue de soutien \u00e0 la transition num\u00e9rique des pratiques de recherche et \u00e0 leur ouverture vers la soci\u00e9t\u00e9. Il f\u00e9d\u00e8re les \u00e9quipes la Biblioth\u00e8que d\u2019Antiquit\u00e9 d\u2019Aix-en-Provence, la Biblioth\u00e8que de pr\u00e9histoire, la biblioth\u00e8que recherche&hellip; Poursuivre la lecture \u00c0 propos\" \/>\n<meta property=\"og:url\" content=\"https:\/\/pba.mmsh.fr\/?page_id=9\" \/>\n<meta property=\"og:site_name\" content=\"P\u00f4le Biblioth\u00e8ques et Archives de la MMSH\" \/>\n<meta property=\"article:modified_time\" content=\"2025-02-21T15:20:37+00:00\" \/>\n<meta property=\"og:image\" content=\"https:\/\/pba.mmsh.fr\/wp-content\/uploads\/2022\/04\/LOGO-MMSH-UAR-2022-2.png\" \/>\n\t<meta property=\"og:image:width\" content=\"1654\" \/>\n\t<meta property=\"og:image:height\" content=\"552\" \/>\n\t<meta property=\"og:image:type\" content=\"image\/png\" \/>\n<meta name=\"twitter:card\" content=\"summary_large_image\" \/>\n<meta name=\"twitter:label1\" content=\"Dur\u00e9e de lecture estim\u00e9e\" \/>\n\t<meta name=\"twitter:data1\" content=\"5 minutes\" \/>\n<script type=\"application\/ld+json\" class=\"yoast-schema-graph\">{\"@context\":\"https:\\\/\\\/schema.org\",\"@graph\":[{\"@type\":\"WebPage\",\"@id\":\"https:\\\/\\\/pba.mmsh.fr\\\/?page_id=9\",\"url\":\"https:\\\/\\\/pba.mmsh.fr\\\/?page_id=9\",\"name\":\"\u00c0 propos - P\u00f4le Biblioth\u00e8ques et Archives de la MMSH\",\"isPartOf\":{\"@id\":\"https:\\\/\\\/pba.mmsh.fr\\\/#website\"},\"datePublished\":\"2022-04-05T13:04:28+00:00\",\"dateModified\":\"2025-02-21T15:20:37+00:00\",\"breadcrumb\":{\"@id\":\"https:\\\/\\\/pba.mmsh.fr\\\/?page_id=9#breadcrumb\"},\"inLanguage\":\"fr-FR\",\"potentialAction\":[{\"@type\":\"ReadAction\",\"target\":[\"https:\\\/\\\/pba.mmsh.fr\\\/?page_id=9\"]}]},{\"@type\":\"BreadcrumbList\",\"@id\":\"https:\\\/\\\/pba.mmsh.fr\\\/?page_id=9#breadcrumb\",\"itemListElement\":[{\"@type\":\"ListItem\",\"position\":1,\"name\":\"Accueil\",\"item\":\"https:\\\/\\\/pba.mmsh.fr\\\/\"},{\"@type\":\"ListItem\",\"position\":2,\"name\":\"\u00c0 propos\"}]},{\"@type\":\"WebSite\",\"@id\":\"https:\\\/\\\/pba.mmsh.fr\\\/#website\",\"url\":\"https:\\\/\\\/pba.mmsh.fr\\\/\",\"name\":\"P\u00f4le Biblioth\u00e8ques et Archives de la MMSH\",\"description\":\"Biblioth\u00e8ques et Archives \u00e0 la Maison m\u00e9diterran\u00e9enne des sciences de l\u2019homme\",\"publisher\":{\"@id\":\"https:\\\/\\\/pba.mmsh.fr\\\/#organization\"},\"potentialAction\":[{\"@type\":\"SearchAction\",\"target\":{\"@type\":\"EntryPoint\",\"urlTemplate\":\"https:\\\/\\\/pba.mmsh.fr\\\/?s={search_term_string}\"},\"query-input\":{\"@type\":\"PropertyValueSpecification\",\"valueRequired\":true,\"valueName\":\"search_term_string\"}}],\"inLanguage\":\"fr-FR\"},{\"@type\":\"Organization\",\"@id\":\"https:\\\/\\\/pba.mmsh.fr\\\/#organization\",\"name\":\"P\u00f4le Biblioth\u00e8ques et Archives de la MMSH\",\"url\":\"https:\\\/\\\/pba.mmsh.fr\\\/\",\"logo\":{\"@type\":\"ImageObject\",\"inLanguage\":\"fr-FR\",\"@id\":\"https:\\\/\\\/pba.mmsh.fr\\\/#\\\/schema\\\/logo\\\/image\\\/\",\"url\":\"https:\\\/\\\/pba.mmsh.fr\\\/wp-content\\\/uploads\\\/2026\\\/01\\\/cropped-cropped-LOGO-UAR-MMSHS-coul.png\",\"contentUrl\":\"https:\\\/\\\/pba.mmsh.fr\\\/wp-content\\\/uploads\\\/2026\\\/01\\\/cropped-cropped-LOGO-UAR-MMSHS-coul.png\",\"width\":1161,\"height\":303,\"caption\":\"P\u00f4le Biblioth\u00e8ques et Archives de la MMSH\"},\"image\":{\"@id\":\"https:\\\/\\\/pba.mmsh.fr\\\/#\\\/schema\\\/logo\\\/image\\\/\"}}]}<\/script>\n<!-- \/ Yoast SEO plugin. -->","yoast_head_json":{"title":"\u00c0 propos - P\u00f4le Biblioth\u00e8ques et Archives de la MMSH","robots":{"index":"index","follow":"follow","max-snippet":"max-snippet:-1","max-image-preview":"max-image-preview:large","max-video-preview":"max-video-preview:-1"},"canonical":"https:\/\/pba.mmsh.fr\/?page_id=9","og_locale":"fr_FR","og_type":"article","og_title":"\u00c0 propos - P\u00f4le Biblioth\u00e8ques et Archives de la MMSH","og_description":"Le P\u00f4le biblioth\u00e8ques et archives de la MMSH Le P\u00f4le biblioth\u00e8ques et archives de la MMSH constitue une plateforme documentaire interdisciplinaire et multilingue de soutien \u00e0 la transition num\u00e9rique des pratiques de recherche et \u00e0 leur ouverture vers la soci\u00e9t\u00e9. Il f\u00e9d\u00e8re les \u00e9quipes la Biblioth\u00e8que d\u2019Antiquit\u00e9 d\u2019Aix-en-Provence, la Biblioth\u00e8que de pr\u00e9histoire, la biblioth\u00e8que recherche&hellip; Poursuivre la lecture \u00c0 propos","og_url":"https:\/\/pba.mmsh.fr\/?page_id=9","og_site_name":"P\u00f4le Biblioth\u00e8ques et Archives de la MMSH","article_modified_time":"2025-02-21T15:20:37+00:00","og_image":[{"width":1654,"height":552,"url":"https:\/\/pba.mmsh.fr\/wp-content\/uploads\/2022\/04\/LOGO-MMSH-UAR-2022-2.png","type":"image\/png"}],"twitter_card":"summary_large_image","twitter_misc":{"Dur\u00e9e de lecture estim\u00e9e":"5 minutes"},"schema":{"@context":"https:\/\/schema.org","@graph":[{"@type":"WebPage","@id":"https:\/\/pba.mmsh.fr\/?page_id=9","url":"https:\/\/pba.mmsh.fr\/?page_id=9","name":"\u00c0 propos - P\u00f4le Biblioth\u00e8ques et Archives de la MMSH","isPartOf":{"@id":"https:\/\/pba.mmsh.fr\/#website"},"datePublished":"2022-04-05T13:04:28+00:00","dateModified":"2025-02-21T15:20:37+00:00","breadcrumb":{"@id":"https:\/\/pba.mmsh.fr\/?page_id=9#breadcrumb"},"inLanguage":"fr-FR","potentialAction":[{"@type":"ReadAction","target":["https:\/\/pba.mmsh.fr\/?page_id=9"]}]},{"@type":"BreadcrumbList","@id":"https:\/\/pba.mmsh.fr\/?page_id=9#breadcrumb","itemListElement":[{"@type":"ListItem","position":1,"name":"Accueil","item":"https:\/\/pba.mmsh.fr\/"},{"@type":"ListItem","position":2,"name":"\u00c0 propos"}]},{"@type":"WebSite","@id":"https:\/\/pba.mmsh.fr\/#website","url":"https:\/\/pba.mmsh.fr\/","name":"P\u00f4le Biblioth\u00e8ques et Archives de la MMSH","description":"Biblioth\u00e8ques et Archives \u00e0 la Maison m\u00e9diterran\u00e9enne des sciences de l\u2019homme","publisher":{"@id":"https:\/\/pba.mmsh.fr\/#organization"},"potentialAction":[{"@type":"SearchAction","target":{"@type":"EntryPoint","urlTemplate":"https:\/\/pba.mmsh.fr\/?s={search_term_string}"},"query-input":{"@type":"PropertyValueSpecification","valueRequired":true,"valueName":"search_term_string"}}],"inLanguage":"fr-FR"},{"@type":"Organization","@id":"https:\/\/pba.mmsh.fr\/#organization","name":"P\u00f4le Biblioth\u00e8ques et Archives de la MMSH","url":"https:\/\/pba.mmsh.fr\/","logo":{"@type":"ImageObject","inLanguage":"fr-FR","@id":"https:\/\/pba.mmsh.fr\/#\/schema\/logo\/image\/","url":"https:\/\/pba.mmsh.fr\/wp-content\/uploads\/2026\/01\/cropped-cropped-LOGO-UAR-MMSHS-coul.png","contentUrl":"https:\/\/pba.mmsh.fr\/wp-content\/uploads\/2026\/01\/cropped-cropped-LOGO-UAR-MMSHS-coul.png","width":1161,"height":303,"caption":"P\u00f4le Biblioth\u00e8ques et Archives de la MMSH"},"image":{"@id":"https:\/\/pba.mmsh.fr\/#\/schema\/logo\/image\/"}}]}},"_links":{"self":[{"href":"https:\/\/pba.mmsh.fr\/index.php?rest_route=\/wp\/v2\/pages\/9","targetHints":{"allow":["GET"]}}],"collection":[{"href":"https:\/\/pba.mmsh.fr\/index.php?rest_route=\/wp\/v2\/pages"}],"about":[{"href":"https:\/\/pba.mmsh.fr\/index.php?rest_route=\/wp\/v2\/types\/page"}],"author":[{"embeddable":true,"href":"https:\/\/pba.mmsh.fr\/index.php?rest_route=\/wp\/v2\/users\/8"}],"replies":[{"embeddable":true,"href":"https:\/\/pba.mmsh.fr\/index.php?rest_route=%2Fwp%2Fv2%2Fcomments&post=9"}],"version-history":[{"count":12,"href":"https:\/\/pba.mmsh.fr\/index.php?rest_route=\/wp\/v2\/pages\/9\/revisions"}],"predecessor-version":[{"id":18630,"href":"https:\/\/pba.mmsh.fr\/index.php?rest_route=\/wp\/v2\/pages\/9\/revisions\/18630"}],"wp:attachment":[{"href":"https:\/\/pba.mmsh.fr\/index.php?rest_route=%2Fwp%2Fv2%2Fmedia&parent=9"}],"curies":[{"name":"wp","href":"https:\/\/api.w.org\/{rel}","templated":true}]}}